{"id":1770,"date":"2024-10-17T16:31:18","date_gmt":"2024-10-17T16:31:18","guid":{"rendered":"https:\/\/nestor.saiace.com\/?page_id=1770"},"modified":"2024-12-19T20:32:02","modified_gmt":"2024-12-19T20:32:02","slug":"nestor-saiace-textos-federico-garcia-romeu-raul-santana-analisis-de-obra-catalogo","status":"publish","type":"page","link":"https:\/\/nestor.saiace.com\/","title":{"rendered":"N\u00e9stor Saiace"},"content":{"rendered":"<p><img loading=\"lazy\" decoding=\"async\" class=\"aligncenter wp-image-1776\" src=\"https:\/\/nestor.saiace.com\/wp-content\/uploads\/2024\/10\/Saiace01-1024x131.png\" alt=\"\" width=\"930\" height=\"119\" srcset=\"https:\/\/nestor.saiace.com\/wp-content\/uploads\/2024\/10\/Saiace01-1024x131.png 1024w, https:\/\/nestor.saiace.com\/wp-content\/uploads\/2024\/10\/Saiace01-300x38.png 300w, https:\/\/nestor.saiace.com\/wp-content\/uploads\/2024\/10\/Saiace01-768x98.png 768w, https:\/\/nestor.saiace.com\/wp-content\/uploads\/2024\/10\/Saiace01-1536x197.png 1536w, https:\/\/nestor.saiace.com\/wp-content\/uploads\/2024\/10\/Saiace01-2048x263.png 2048w\" sizes=\"auto, (max-width: 930px) 100vw, 930px\" \/><\/p>\n<p style=\"text-align: center; color: #525252;font-family: arial;\"><a style=\"text-decoration: none; color: #525252; outline: none;\" href=\"https:\/\/nestor.saiace.com\/index.php\/nestor-saiace\/\" onmouseover=\"this.style.color='#b51919';\" onmouseout=\"this.style.color='#525252';\">Castellano &nbsp;   &nbsp;<\/a><a style=\"text-decoration: none; color: #525252; outline: none;\" href=\"https:\/\/nestor.saiace.com\/index.php\/002-nestor-saiace-home-english\/\" onmouseover=\"this.style.color='#b51919';\" onmouseout=\"this.style.color='#525252';\">English &nbsp;   &nbsp;<\/a><a style=\"text-decoration: none; color: #525252; outline: none;\" href=\"https:\/\/nestor.saiace.com\/index.php\/nestor-saiace-003\/\" onmouseover=\"this.style.color='#b51919';\" onmouseout=\"this.style.color='#525252';\">Fran\u00e7ais &nbsp;   &nbsp;<\/a><span style=\"color: #525252;\"><a style=\"text-decoration: none; color: #525252; outline: none;\" href=\"https:\/\/nestor.saiace.com\/index.php\/nestor-saiace-004\/\" onmouseover=\"this.style.color='#b51919';\" onmouseout=\"this.style.color='#525252';\">Portugu\u00eas<\/a><\/span><\/p>\n<p style=\"text-align: center;\"><img loading=\"lazy\" decoding=\"async\" class=\"aligncenter wp-image-1777\" src=\"https:\/\/nestor.saiace.com\/wp-content\/uploads\/2024\/10\/Saiace02.png\" alt=\"\" width=\"392\" height=\"528\" srcset=\"https:\/\/nestor.saiace.com\/wp-content\/uploads\/2024\/10\/Saiace02.png 1047w, https:\/\/nestor.saiace.com\/wp-content\/uploads\/2024\/10\/Saiace02-223x300.png 223w, https:\/\/nestor.saiace.com\/wp-content\/uploads\/2024\/10\/Saiace02-761x1024.png 761w, https:\/\/nestor.saiace.com\/wp-content\/uploads\/2024\/10\/Saiace02-768x1033.png 768w\" sizes=\"auto, (max-width: 392px) 100vw, 392px\" \/><\/p>\n<p>&nbsp;<\/p>\n<p>&nbsp;<\/p>\n<p>&nbsp;<\/p>\n<p>&nbsp;<\/p>\n<p>&nbsp;<\/p>\n<p>&nbsp;<\/p>\n<p>&nbsp;<\/p>\n<p>&nbsp;<\/p>\n<p>&nbsp;<\/p>\n<p>&nbsp;<\/p>\n","protected":false},"excerpt":{"rendered":"<p>Castellano &nbsp; &nbsp;English &nbsp; &nbsp;Fran\u00e7ais &nbsp; &nbsp;Portugu\u00eas &nbsp; &nbsp; &nbsp; &nbsp; &nbsp; &nbsp; &nbsp; &nbsp; &nbsp; &nbsp;<\/p>\n","protected":false},"author":2,"featured_media":0,"parent":0,"menu_order":0,"comment_status":"closed","ping_status":"closed","template":"","meta":{"_vp_format_video_url":"","_vp_image_focal_point":[],"footnotes":""},"class_list":["post-1770","page","type-page","status-publish","hentry"],"yoast_head":"<!-- This site is optimized with the Yoast SEO plugin v27.4 - https:\/\/yoast.com\/product\/yoast-seo-wordpress\/ -->\n<title>N\u00e9stor Saiace - N\u00e9stor Saiace<\/title>\n<meta name=\"description\" content=\"N\u00e9stor Saiace N\u00e9stor Saiace %Ttextos Federico Garcia Romeu Ra\u00fal Santana an\u00e1lisis de obra cat\u00e1logo de obras\" \/>\n<meta name=\"robots\" content=\"index, follow, max-snippet:-1, max-image-preview:large, max-video-preview:-1\" \/>\n<link rel=\"canonical\" href=\"https:\/\/nestor.saiace.com\/\" \/>\n<meta property=\"og:locale\" content=\"es_ES\" \/>\n<meta property=\"og:type\" content=\"article\" \/>\n<meta property=\"og:title\" content=\"N\u00e9stor Saiace - N\u00e9stor Saiace\" \/>\n<meta property=\"og:description\" content=\"N\u00e9stor Saiace N\u00e9stor Saiace %Ttextos Federico Garcia Romeu Ra\u00fal Santana an\u00e1lisis de obra cat\u00e1logo de obras\" \/>\n<meta property=\"og:url\" content=\"https:\/\/nestor.saiace.com\/\" \/>\n<meta property=\"og:site_name\" content=\"N\u00e9stor Saiace\" \/>\n<meta property=\"article:modified_time\" content=\"2024-12-19T20:32:02+00:00\" \/>\n<meta property=\"og:image\" content=\"https:\/\/nestor.saiace.com\/wp-content\/uploads\/2024\/10\/Saiace01.png\" \/>\n\t<meta property=\"og:image:width\" content=\"2137\" \/>\n\t<meta property=\"og:image:height\" content=\"274\" \/>\n\t<meta property=\"og:image:type\" content=\"image\/png\" \/>\n<meta name=\"twitter:card\" content=\"summary_large_image\" \/>\n<meta name=\"twitter:label1\" content=\"Tiempo de lectura\" \/>\n\t<meta name=\"twitter:data1\" content=\"1 minuto\" \/>\n<script type=\"application\/ld+json\" class=\"yoast-schema-graph\">{\"@context\":\"https:\\\/\\\/schema.org\",\"@graph\":[{\"@type\":\"ScholarlyArticle\",\"@id\":\"https:\\\/\\\/nestor.saiace.com\\\/#article\",\"isPartOf\":{\"@id\":\"https:\\\/\\\/nestor.saiace.com\\\/\"},\"author\":{\"name\":\"audiosansfason audiosansfason\",\"@id\":\"https:\\\/\\\/nestor.saiace.com\\\/#\\\/schema\\\/person\\\/a81f2515617bedbab6c89b57ea6c1061\"},\"headline\":\"N\u00e9stor Saiace\",\"datePublished\":\"2024-10-17T16:31:18+00:00\",\"dateModified\":\"2024-12-19T20:32:02+00:00\",\"mainEntityOfPage\":{\"@id\":\"https:\\\/\\\/nestor.saiace.com\\\/\"},\"wordCount\":25,\"publisher\":{\"@id\":\"https:\\\/\\\/nestor.saiace.com\\\/#\\\/schema\\\/person\\\/bf0f87000017b49350dc1f852c9ae729\"},\"image\":{\"@id\":\"https:\\\/\\\/nestor.saiace.com\\\/#primaryimage\"},\"thumbnailUrl\":\"https:\\\/\\\/nestor.saiace.com\\\/wp-content\\\/uploads\\\/2024\\\/10\\\/Saiace01-1024x131.png\",\"inLanguage\":\"es\"},{\"@type\":\"WebPage\",\"@id\":\"https:\\\/\\\/nestor.saiace.com\\\/\",\"url\":\"https:\\\/\\\/nestor.saiace.com\\\/\",\"name\":\"N\u00e9stor Saiace - N\u00e9stor Saiace\",\"isPartOf\":{\"@id\":\"https:\\\/\\\/nestor.saiace.com\\\/#website\"},\"primaryImageOfPage\":{\"@id\":\"https:\\\/\\\/nestor.saiace.com\\\/#primaryimage\"},\"image\":{\"@id\":\"https:\\\/\\\/nestor.saiace.com\\\/#primaryimage\"},\"thumbnailUrl\":\"https:\\\/\\\/nestor.saiace.com\\\/wp-content\\\/uploads\\\/2024\\\/10\\\/Saiace01-1024x131.png\",\"datePublished\":\"2024-10-17T16:31:18+00:00\",\"dateModified\":\"2024-12-19T20:32:02+00:00\",\"description\":\"N\u00e9stor Saiace N\u00e9stor Saiace %Ttextos Federico Garcia Romeu Ra\u00fal Santana an\u00e1lisis de obra cat\u00e1logo de obras\",\"breadcrumb\":{\"@id\":\"https:\\\/\\\/nestor.saiace.com\\\/#breadcrumb\"},\"inLanguage\":\"es\",\"potentialAction\":[{\"@type\":\"ReadAction\",\"target\":[\"https:\\\/\\\/nestor.saiace.com\\\/\"]}]},{\"@type\":\"ImageObject\",\"inLanguage\":\"es\",\"@id\":\"https:\\\/\\\/nestor.saiace.com\\\/#primaryimage\",\"url\":\"https:\\\/\\\/nestor.saiace.com\\\/wp-content\\\/uploads\\\/2024\\\/10\\\/Saiace01.png\",\"contentUrl\":\"https:\\\/\\\/nestor.saiace.com\\\/wp-content\\\/uploads\\\/2024\\\/10\\\/Saiace01.png\",\"width\":2137,\"height\":274},{\"@type\":\"BreadcrumbList\",\"@id\":\"https:\\\/\\\/nestor.saiace.com\\\/#breadcrumb\",\"itemListElement\":[{\"@type\":\"ListItem\",\"position\":1,\"name\":\"Portada\",\"item\":\"https:\\\/\\\/nestor.saiace.com\\\/\"},{\"@type\":\"ListItem\",\"position\":2,\"name\":\"N\u00e9stor Saiace\"}]},{\"@type\":\"WebSite\",\"@id\":\"https:\\\/\\\/nestor.saiace.com\\\/#website\",\"url\":\"https:\\\/\\\/nestor.saiace.com\\\/\",\"name\":\"N\u00e9stor Saiace\",\"description\":\"N\u00e9stor Saiace, artista pl\u00e1stico argentino.\",\"publisher\":{\"@id\":\"https:\\\/\\\/nestor.saiace.com\\\/#\\\/schema\\\/person\\\/bf0f87000017b49350dc1f852c9ae729\"},\"alternateName\":\"saiace\",\"potentialAction\":[{\"@type\":\"SearchAction\",\"target\":{\"@type\":\"EntryPoint\",\"urlTemplate\":\"https:\\\/\\\/nestor.saiace.com\\\/?s={search_term_string}\"},\"query-input\":{\"@type\":\"PropertyValueSpecification\",\"valueRequired\":true,\"valueName\":\"search_term_string\"}}],\"inLanguage\":\"es\"},{\"@type\":[\"Person\",\"Organization\"],\"@id\":\"https:\\\/\\\/nestor.saiace.com\\\/#\\\/schema\\\/person\\\/bf0f87000017b49350dc1f852c9ae729\",\"name\":\"admin\",\"image\":{\"@type\":\"ImageObject\",\"inLanguage\":\"es\",\"@id\":\"https:\\\/\\\/nestor.saiace.com\\\/wp-content\\\/uploads\\\/2024\\\/07\\\/108-El-circo-I-Oleo-sobre-tela-60-x-50-cm-1990-scaled-2-2-1024x765.jpg\",\"url\":\"https:\\\/\\\/nestor.saiace.com\\\/wp-content\\\/uploads\\\/2024\\\/07\\\/108-El-circo-I-Oleo-sobre-tela-60-x-50-cm-1990-scaled-2-2-1024x765.jpg\",\"contentUrl\":\"https:\\\/\\\/nestor.saiace.com\\\/wp-content\\\/uploads\\\/2024\\\/07\\\/108-El-circo-I-Oleo-sobre-tela-60-x-50-cm-1990-scaled-2-2-1024x765.jpg\",\"width\":1024,\"height\":765,\"caption\":\"admin\"},\"logo\":{\"@id\":\"https:\\\/\\\/nestor.saiace.com\\\/wp-content\\\/uploads\\\/2024\\\/07\\\/108-El-circo-I-Oleo-sobre-tela-60-x-50-cm-1990-scaled-2-2-1024x765.jpg\"},\"sameAs\":[\"https:\\\/\\\/nestor.saiace.com\"]},{\"@type\":\"Person\",\"@id\":\"https:\\\/\\\/nestor.saiace.com\\\/#\\\/schema\\\/person\\\/a81f2515617bedbab6c89b57ea6c1061\",\"name\":\"audiosansfason audiosansfason\",\"url\":\"https:\\\/\\\/nestor.saiace.com\\\/index.php\\\/author\\\/audiosansfason\\\/\"}]}<\/script>\n<!-- \/ Yoast SEO plugin. -->","yoast_head_json":{"title":"N\u00e9stor Saiace - N\u00e9stor Saiace","description":"N\u00e9stor Saiace N\u00e9stor Saiace %Ttextos Federico Garcia Romeu Ra\u00fal Santana an\u00e1lisis de obra cat\u00e1logo de obras","robots":{"index":"index","follow":"follow","max-snippet":"max-snippet:-1","max-image-preview":"max-image-preview:large","max-video-preview":"max-video-preview:-1"},"canonical":"https:\/\/nestor.saiace.com\/","og_locale":"es_ES","og_type":"article","og_title":"N\u00e9stor Saiace - N\u00e9stor Saiace","og_description":"N\u00e9stor Saiace N\u00e9stor Saiace %Ttextos Federico Garcia Romeu Ra\u00fal Santana an\u00e1lisis de obra cat\u00e1logo de obras","og_url":"https:\/\/nestor.saiace.com\/","og_site_name":"N\u00e9stor Saiace","article_modified_time":"2024-12-19T20:32:02+00:00","og_image":[{"width":2137,"height":274,"url":"https:\/\/nestor.saiace.com\/wp-content\/uploads\/2024\/10\/Saiace01.png","type":"image\/png"}],"twitter_card":"summary_large_image","twitter_misc":{"Tiempo de lectura":"1 minuto"},"schema":{"@context":"https:\/\/schema.org","@graph":[{"@type":"ScholarlyArticle","@id":"https:\/\/nestor.saiace.com\/#article","isPartOf":{"@id":"https:\/\/nestor.saiace.com\/"},"author":{"name":"audiosansfason audiosansfason","@id":"https:\/\/nestor.saiace.com\/#\/schema\/person\/a81f2515617bedbab6c89b57ea6c1061"},"headline":"N\u00e9stor Saiace","datePublished":"2024-10-17T16:31:18+00:00","dateModified":"2024-12-19T20:32:02+00:00","mainEntityOfPage":{"@id":"https:\/\/nestor.saiace.com\/"},"wordCount":25,"publisher":{"@id":"https:\/\/nestor.saiace.com\/#\/schema\/person\/bf0f87000017b49350dc1f852c9ae729"},"image":{"@id":"https:\/\/nestor.saiace.com\/#primaryimage"},"thumbnailUrl":"https:\/\/nestor.saiace.com\/wp-content\/uploads\/2024\/10\/Saiace01-1024x131.png","inLanguage":"es"},{"@type":"WebPage","@id":"https:\/\/nestor.saiace.com\/","url":"https:\/\/nestor.saiace.com\/","name":"N\u00e9stor Saiace - N\u00e9stor Saiace","isPartOf":{"@id":"https:\/\/nestor.saiace.com\/#website"},"primaryImageOfPage":{"@id":"https:\/\/nestor.saiace.com\/#primaryimage"},"image":{"@id":"https:\/\/nestor.saiace.com\/#primaryimage"},"thumbnailUrl":"https:\/\/nestor.saiace.com\/wp-content\/uploads\/2024\/10\/Saiace01-1024x131.png","datePublished":"2024-10-17T16:31:18+00:00","dateModified":"2024-12-19T20:32:02+00:00","description":"N\u00e9stor Saiace N\u00e9stor Saiace %Ttextos Federico Garcia Romeu Ra\u00fal Santana an\u00e1lisis de obra cat\u00e1logo de obras","breadcrumb":{"@id":"https:\/\/nestor.saiace.com\/#breadcrumb"},"inLanguage":"es","potentialAction":[{"@type":"ReadAction","target":["https:\/\/nestor.saiace.com\/"]}]},{"@type":"ImageObject","inLanguage":"es","@id":"https:\/\/nestor.saiace.com\/#primaryimage","url":"https:\/\/nestor.saiace.com\/wp-content\/uploads\/2024\/10\/Saiace01.png","contentUrl":"https:\/\/nestor.saiace.com\/wp-content\/uploads\/2024\/10\/Saiace01.png","width":2137,"height":274},{"@type":"BreadcrumbList","@id":"https:\/\/nestor.saiace.com\/#breadcrumb","itemListElement":[{"@type":"ListItem","position":1,"name":"Portada","item":"https:\/\/nestor.saiace.com\/"},{"@type":"ListItem","position":2,"name":"N\u00e9stor Saiace"}]},{"@type":"WebSite","@id":"https:\/\/nestor.saiace.com\/#website","url":"https:\/\/nestor.saiace.com\/","name":"N\u00e9stor Saiace","description":"N\u00e9stor Saiace, artista pl\u00e1stico argentino.","publisher":{"@id":"https:\/\/nestor.saiace.com\/#\/schema\/person\/bf0f87000017b49350dc1f852c9ae729"},"alternateName":"saiace","potentialAction":[{"@type":"SearchAction","target":{"@type":"EntryPoint","urlTemplate":"https:\/\/nestor.saiace.com\/?s={search_term_string}"},"query-input":{"@type":"PropertyValueSpecification","valueRequired":true,"valueName":"search_term_string"}}],"inLanguage":"es"},{"@type":["Person","Organization"],"@id":"https:\/\/nestor.saiace.com\/#\/schema\/person\/bf0f87000017b49350dc1f852c9ae729","name":"admin","image":{"@type":"ImageObject","inLanguage":"es","@id":"https:\/\/nestor.saiace.com\/wp-content\/uploads\/2024\/07\/108-El-circo-I-Oleo-sobre-tela-60-x-50-cm-1990-scaled-2-2-1024x765.jpg","url":"https:\/\/nestor.saiace.com\/wp-content\/uploads\/2024\/07\/108-El-circo-I-Oleo-sobre-tela-60-x-50-cm-1990-scaled-2-2-1024x765.jpg","contentUrl":"https:\/\/nestor.saiace.com\/wp-content\/uploads\/2024\/07\/108-El-circo-I-Oleo-sobre-tela-60-x-50-cm-1990-scaled-2-2-1024x765.jpg","width":1024,"height":765,"caption":"admin"},"logo":{"@id":"https:\/\/nestor.saiace.com\/wp-content\/uploads\/2024\/07\/108-El-circo-I-Oleo-sobre-tela-60-x-50-cm-1990-scaled-2-2-1024x765.jpg"},"sameAs":["https:\/\/nestor.saiace.com"]},{"@type":"Person","@id":"https:\/\/nestor.saiace.com\/#\/schema\/person\/a81f2515617bedbab6c89b57ea6c1061","name":"audiosansfason audiosansfason","url":"https:\/\/nestor.saiace.com\/index.php\/author\/audiosansfason\/"}]}},"_links":{"self":[{"href":"https:\/\/nestor.saiace.com\/index.php\/wp-json\/wp\/v2\/pages\/1770","targetHints":{"allow":["GET"]}}],"collection":[{"href":"https:\/\/nestor.saiace.com\/index.php\/wp-json\/wp\/v2\/pages"}],"about":[{"href":"https:\/\/nestor.saiace.com\/index.php\/wp-json\/wp\/v2\/types\/page"}],"author":[{"embeddable":true,"href":"https:\/\/nestor.saiace.com\/index.php\/wp-json\/wp\/v2\/users\/2"}],"replies":[{"embeddable":true,"href":"https:\/\/nestor.saiace.com\/index.php\/wp-json\/wp\/v2\/comments?post=1770"}],"version-history":[{"count":35,"href":"https:\/\/nestor.saiace.com\/index.php\/wp-json\/wp\/v2\/pages\/1770\/revisions"}],"predecessor-version":[{"id":2550,"href":"https:\/\/nestor.saiace.com\/index.php\/wp-json\/wp\/v2\/pages\/1770\/revisions\/2550"}],"wp:attachment":[{"href":"https:\/\/nestor.saiace.com\/index.php\/wp-json\/wp\/v2\/media?parent=1770"}],"curies":[{"name":"wp","href":"https:\/\/api.w.org\/{rel}","templated":true}]}}