{"id":2238,"date":"2024-10-31T11:10:07","date_gmt":"2024-10-31T11:10:07","guid":{"rendered":"https:\/\/nestor.saiace.com\/?page_id=2238"},"modified":"2025-04-05T13:13:27","modified_gmt":"2025-04-05T13:13:27","slug":"nestor-saiace-003","status":"publish","type":"page","link":"https:\/\/nestor.saiace.com\/index.php\/nestor-saiace-003\/","title":{"rendered":"N\u00e9stor Saiace &#8211; 003"},"content":{"rendered":"<p><!DOCTYPE html><br \/>\n<html><br \/>\n<head><\/p>\n<style>\n        \/* Estilo para cambiar el color de fondo, m\u00e1rgenes y padding de todo el cuerpo *\/\n        body {\nmargin-top: -110px; \/* Elimina m\u00e1rgenes del body *\/\n            margin-left: 0.5px; \/* Elimina m\u00e1rgenes del body *\/\nmargin-right: 0.5px; \/* Elimina m\u00e1rgenes del body *\/\n            padding: 0; \/* Elimina padding del body *\/<\/p>\n<p>        }<\/p>\n<p>        \/* Estilo para agregar padding interno en toda la p\u00e1gina *\/\n        .page-content {\n            padding: 0px; \/* Ajusta el padding seg\u00fan lo necesario *\/<\/p>\n<p>            min-height: 100vh; \/* Asegura que el contenido ocupe al menos el 100% de la altura de la ventana *\/\n        }\n    <\/style>\n<p><\/head><br \/>\n<body><\/p>\n<div class=\"page-content\">\n<p style=\"text-align: left;\"><span style=\"font-size: 24px; font-family: arial;\"><b><a style=\"text-decoration: none; outline: none;\" href=\"https:\/\/nestor.saiace.com\/\" onmouseover=\"this.style.color='#666666';\" onmouseout=\"this.style.color='#121212';\">N\u00e9stor Saiace<\/a><\/b><\/span><\/p>\n<p style=\"text-align: left;\"><span style=\"font-size: 13px; font-family: arial;\"><a style=\"text-decoration:none;color:#303030; outline: none;\" href=\"https:\/\/nestor.saiace.com\/index.php\/nestor-saiace-0031-catalogo-francais\/\" onmouseover=\"this.style.color='#666666';\" onmouseout=\"this.style.color='#121212';\">Catalogue<\/a><\/span><br \/>\n<span style=\"font-size: 13px; font-family: arial;\"><a style=\"text-decoration:none;color:#303030; outline: none;\" href=\"https:\/\/nestor.saiace.com\/index.php\/nestor-saiace-0032-textes\/\" onmouseover=\"this.style.color='#666666';\" onmouseout=\"this.style.color='#121212';\">Textes<\/a><\/span><br \/>\n<span style=\"font-size: 13px; font-family: arial;\"><a style=\"text-decoration:none;color:#303030; outline: none;\" href=\"https:\/\/nestor.saiace.com\/index.php\/nestor-saiace-0033-expositions-francais\/\" onmouseover=\"this.style.color='#666666';\" onmouseout=\"this.style.color='#121212';\">Expositions<\/a><\/span><br \/>\n<span style=\"font-size: 13px; font-family: arial;\"><a style=\"text-decoration:none;color:#303030; outline: none;\" href=\"https:\/\/nestor.saiace.com\/index.php\/nestor-saiace-0034-galerie-francais\/\" onmouseover=\"this.style.color='#666666';\" onmouseout=\"this.style.color='#121212';\">Galerie<\/a><\/span><\/p>\n<p style=\"text-align: center;\"><img loading=\"lazy\" decoding=\"async\" class=\"alignnone wp-image-584 size-full\" src=\"https:\/\/nestor.saiace.com\/wp-content\/uploads\/2024\/09\/portada-saiace.png\" alt=\"\" width=\"2048\" height=\"1434\" \/><\/p>\n<figure class=\"wp-block-image size-medium\"><\/figure>\n<p>&nbsp;<\/p>\n<p>&nbsp;<\/p>\n<p>&nbsp;<\/p>\n<p>&nbsp;<\/p>\n<p>&nbsp;<\/p>\n<p>&nbsp;<\/p>\n<p>&nbsp;<\/p>\n<p style=\"text-align: left;font-size:13px;\"><span style=\"font-family: arial;word-spacing: 150%;\"><span style=\"color:#d4d4d4;\"><a style=\"text-decoration: none; outline: none;\" href=\"https:\/\/nestor.saiace.com\/index.php\/nestor-saiace-003\/\" onmouseover=\"this.style.color='#666666';\" onmouseout=\"this.style.color='#121212';\">&nbsp; Accueil<\/a><a style=\"text-decoration: none; outline: none;\" href=\"https:\/\/nestor.saiace.com\/index.php\/nestor-saiace-0031-catalogo-francais\/\" onmouseover=\"this.style.color='#666666';\" onmouseout=\"this.style.color='#121212';\">&nbsp;\u2022 Catalogue<\/a><a style=\"text-decoration:none; outline: none;\" href=\"https:\/\/nestor.saiace.com\/index.php\/nestor-saiace-0032-textes\/\" onmouseover=\"this.style.color='#666666';\" onmouseout=\"this.style.color='#121212';\">&nbsp;\u2022 Textes<\/a><a style=\"text-decoration:none; outline: none;\" href=\"https:\/\/nestor.saiace.com\/index.php\/nestor-saiace-0033-expositions-francais\/\" onmouseover=\"this.style.color='#666666';\" onmouseout=\"this.style.color='#121212';\">&nbsp;\u2022 Expositions<\/a><\/span><a style=\"text-decoration: none; outline: none;\" href=\"https:\/\/nestor.saiace.com\/index.php\/nestor-saiace-0034-galerie-francais\/\" onmouseover=\"this.style.color='#666666';\" onmouseout=\"this.style.color='#121212';\">&nbsp;\u2022 Galerie<\/a><a style=\"text-decoration: none; outline: none;\" href=\"https:\/\/nestor.saiace.com\/index.php\/nestor-saiace-0035-contact-francais\/\" onmouseover=\"this.style.color='#666666';\" onmouseout=\"this.style.color='#121212';\">&nbsp;\u2022 Contact<\/span><\/p>\n<\/div>\n","protected":false},"excerpt":{"rendered":"<p>N\u00e9stor Saiace Catalogue Textes Expositions Galerie &nbsp; &nbsp; &nbsp; &nbsp; &nbsp; &nbsp; &nbsp; &nbsp; Accueil&nbsp;\u2022 Catalogue&nbsp;\u2022 Textes&nbsp;\u2022 Expositions&nbsp;\u2022 Galerie&nbsp;\u2022 Contact<\/p>\n","protected":false},"author":2,"featured_media":0,"parent":0,"menu_order":0,"comment_status":"closed","ping_status":"closed","template":"","meta":{"_vp_format_video_url":"","_vp_image_focal_point":[],"footnotes":""},"class_list":["post-2238","page","type-page","status-publish","hentry"],"yoast_head":"<!-- This site is optimized with the Yoast SEO plugin v27.4 - https:\/\/yoast.com\/product\/yoast-seo-wordpress\/ -->\n<title>N\u00e9stor Saiace - 003 - N\u00e9stor Saiace<\/title>\n<meta name=\"description\" content=\"N\u00e9stor Saiace - 003 N\u00e9stor Saiace %\" \/>\n<meta name=\"robots\" content=\"index, follow, max-snippet:-1, max-image-preview:large, max-video-preview:-1\" \/>\n<link rel=\"canonical\" href=\"https:\/\/nestor.saiace.com\/index.php\/nestor-saiace-003\/\" \/>\n<meta property=\"og:locale\" content=\"es_ES\" \/>\n<meta property=\"og:type\" content=\"article\" \/>\n<meta property=\"og:title\" content=\"N\u00e9stor Saiace - 003 - N\u00e9stor Saiace\" \/>\n<meta property=\"og:description\" content=\"N\u00e9stor Saiace - 003 N\u00e9stor Saiace %\" \/>\n<meta property=\"og:url\" content=\"https:\/\/nestor.saiace.com\/index.php\/nestor-saiace-003\/\" \/>\n<meta property=\"og:site_name\" content=\"N\u00e9stor Saiace\" \/>\n<meta property=\"article:modified_time\" content=\"2025-04-05T13:13:27+00:00\" \/>\n<meta property=\"og:image\" content=\"https:\/\/nestor.saiace.com\/wp-content\/uploads\/2024\/10\/12.-airelibre.-120x90-sin-borde-1024x770.jpg\" \/>\n\t<meta property=\"og:image:width\" content=\"1024\" \/>\n\t<meta property=\"og:image:height\" content=\"770\" \/>\n\t<meta property=\"og:image:type\" content=\"image\/jpeg\" \/>\n<meta name=\"twitter:card\" content=\"summary_large_image\" \/>\n<meta name=\"twitter:label1\" content=\"Tiempo de lectura\" \/>\n\t<meta name=\"twitter:data1\" content=\"1 minuto\" \/>\n<script type=\"application\/ld+json\" class=\"yoast-schema-graph\">{\"@context\":\"https:\\\/\\\/schema.org\",\"@graph\":[{\"@type\":\"ScholarlyArticle\",\"@id\":\"https:\\\/\\\/nestor.saiace.com\\\/index.php\\\/nestor-saiace-003\\\/#article\",\"isPartOf\":{\"@id\":\"https:\\\/\\\/nestor.saiace.com\\\/index.php\\\/nestor-saiace-003\\\/\"},\"author\":{\"name\":\"audiosansfason audiosansfason\",\"@id\":\"https:\\\/\\\/nestor.saiace.com\\\/#\\\/schema\\\/person\\\/a81f2515617bedbab6c89b57ea6c1061\"},\"headline\":\"N\u00e9stor Saiace &#8211; 003\",\"datePublished\":\"2024-10-31T11:10:07+00:00\",\"dateModified\":\"2025-04-05T13:13:27+00:00\",\"mainEntityOfPage\":{\"@id\":\"https:\\\/\\\/nestor.saiace.com\\\/index.php\\\/nestor-saiace-003\\\/\"},\"wordCount\":30,\"publisher\":{\"@id\":\"https:\\\/\\\/nestor.saiace.com\\\/#\\\/schema\\\/person\\\/bf0f87000017b49350dc1f852c9ae729\"},\"image\":{\"@id\":\"https:\\\/\\\/nestor.saiace.com\\\/index.php\\\/nestor-saiace-003\\\/#primaryimage\"},\"thumbnailUrl\":\"https:\\\/\\\/nestor.saiace.com\\\/wp-content\\\/uploads\\\/2024\\\/09\\\/portada-saiace.png\",\"inLanguage\":\"es\"},{\"@type\":\"WebPage\",\"@id\":\"https:\\\/\\\/nestor.saiace.com\\\/index.php\\\/nestor-saiace-003\\\/\",\"url\":\"https:\\\/\\\/nestor.saiace.com\\\/index.php\\\/nestor-saiace-003\\\/\",\"name\":\"N\u00e9stor Saiace - 003 - N\u00e9stor Saiace\",\"isPartOf\":{\"@id\":\"https:\\\/\\\/nestor.saiace.com\\\/#website\"},\"primaryImageOfPage\":{\"@id\":\"https:\\\/\\\/nestor.saiace.com\\\/index.php\\\/nestor-saiace-003\\\/#primaryimage\"},\"image\":{\"@id\":\"https:\\\/\\\/nestor.saiace.com\\\/index.php\\\/nestor-saiace-003\\\/#primaryimage\"},\"thumbnailUrl\":\"https:\\\/\\\/nestor.saiace.com\\\/wp-content\\\/uploads\\\/2024\\\/09\\\/portada-saiace.png\",\"datePublished\":\"2024-10-31T11:10:07+00:00\",\"dateModified\":\"2025-04-05T13:13:27+00:00\",\"description\":\"N\u00e9stor Saiace - 003 N\u00e9stor Saiace %\",\"breadcrumb\":{\"@id\":\"https:\\\/\\\/nestor.saiace.com\\\/index.php\\\/nestor-saiace-003\\\/#breadcrumb\"},\"inLanguage\":\"es\",\"potentialAction\":[{\"@type\":\"ReadAction\",\"target\":[\"https:\\\/\\\/nestor.saiace.com\\\/index.php\\\/nestor-saiace-003\\\/\"]}]},{\"@type\":\"ImageObject\",\"inLanguage\":\"es\",\"@id\":\"https:\\\/\\\/nestor.saiace.com\\\/index.php\\\/nestor-saiace-003\\\/#primaryimage\",\"url\":\"\",\"contentUrl\":\"\"},{\"@type\":\"BreadcrumbList\",\"@id\":\"https:\\\/\\\/nestor.saiace.com\\\/index.php\\\/nestor-saiace-003\\\/#breadcrumb\",\"itemListElement\":[{\"@type\":\"ListItem\",\"position\":1,\"name\":\"Portada\",\"item\":\"https:\\\/\\\/nestor.saiace.com\\\/\"},{\"@type\":\"ListItem\",\"position\":2,\"name\":\"N\u00e9stor Saiace &#8211; 003\"}]},{\"@type\":\"WebSite\",\"@id\":\"https:\\\/\\\/nestor.saiace.com\\\/#website\",\"url\":\"https:\\\/\\\/nestor.saiace.com\\\/\",\"name\":\"N\u00e9stor Saiace\",\"description\":\"N\u00e9stor Saiace, artista pl\u00e1stico argentino.\",\"publisher\":{\"@id\":\"https:\\\/\\\/nestor.saiace.com\\\/#\\\/schema\\\/person\\\/bf0f87000017b49350dc1f852c9ae729\"},\"alternateName\":\"saiace\",\"potentialAction\":[{\"@type\":\"SearchAction\",\"target\":{\"@type\":\"EntryPoint\",\"urlTemplate\":\"https:\\\/\\\/nestor.saiace.com\\\/?s={search_term_string}\"},\"query-input\":{\"@type\":\"PropertyValueSpecification\",\"valueRequired\":true,\"valueName\":\"search_term_string\"}}],\"inLanguage\":\"es\"},{\"@type\":[\"Person\",\"Organization\"],\"@id\":\"https:\\\/\\\/nestor.saiace.com\\\/#\\\/schema\\\/person\\\/bf0f87000017b49350dc1f852c9ae729\",\"name\":\"admin\",\"image\":{\"@type\":\"ImageObject\",\"inLanguage\":\"es\",\"@id\":\"https:\\\/\\\/nestor.saiace.com\\\/wp-content\\\/uploads\\\/2024\\\/07\\\/108-El-circo-I-Oleo-sobre-tela-60-x-50-cm-1990-scaled-2-2-1024x765.jpg\",\"url\":\"https:\\\/\\\/nestor.saiace.com\\\/wp-content\\\/uploads\\\/2024\\\/07\\\/108-El-circo-I-Oleo-sobre-tela-60-x-50-cm-1990-scaled-2-2-1024x765.jpg\",\"contentUrl\":\"https:\\\/\\\/nestor.saiace.com\\\/wp-content\\\/uploads\\\/2024\\\/07\\\/108-El-circo-I-Oleo-sobre-tela-60-x-50-cm-1990-scaled-2-2-1024x765.jpg\",\"width\":1024,\"height\":765,\"caption\":\"admin\"},\"logo\":{\"@id\":\"https:\\\/\\\/nestor.saiace.com\\\/wp-content\\\/uploads\\\/2024\\\/07\\\/108-El-circo-I-Oleo-sobre-tela-60-x-50-cm-1990-scaled-2-2-1024x765.jpg\"},\"sameAs\":[\"https:\\\/\\\/nestor.saiace.com\"]},{\"@type\":\"Person\",\"@id\":\"https:\\\/\\\/nestor.saiace.com\\\/#\\\/schema\\\/person\\\/a81f2515617bedbab6c89b57ea6c1061\",\"name\":\"audiosansfason audiosansfason\",\"url\":\"https:\\\/\\\/nestor.saiace.com\\\/index.php\\\/author\\\/audiosansfason\\\/\"}]}<\/script>\n<!-- \/ Yoast SEO plugin. -->","yoast_head_json":{"title":"N\u00e9stor Saiace - 003 - N\u00e9stor Saiace","description":"N\u00e9stor Saiace - 003 N\u00e9stor Saiace %","robots":{"index":"index","follow":"follow","max-snippet":"max-snippet:-1","max-image-preview":"max-image-preview:large","max-video-preview":"max-video-preview:-1"},"canonical":"https:\/\/nestor.saiace.com\/index.php\/nestor-saiace-003\/","og_locale":"es_ES","og_type":"article","og_title":"N\u00e9stor Saiace - 003 - N\u00e9stor Saiace","og_description":"N\u00e9stor Saiace - 003 N\u00e9stor Saiace %","og_url":"https:\/\/nestor.saiace.com\/index.php\/nestor-saiace-003\/","og_site_name":"N\u00e9stor Saiace","article_modified_time":"2025-04-05T13:13:27+00:00","og_image":[{"width":1024,"height":770,"url":"https:\/\/nestor.saiace.com\/wp-content\/uploads\/2024\/10\/12.-airelibre.-120x90-sin-borde-1024x770.jpg","type":"image\/jpeg"}],"twitter_card":"summary_large_image","twitter_misc":{"Tiempo de lectura":"1 minuto"},"schema":{"@context":"https:\/\/schema.org","@graph":[{"@type":"ScholarlyArticle","@id":"https:\/\/nestor.saiace.com\/index.php\/nestor-saiace-003\/#article","isPartOf":{"@id":"https:\/\/nestor.saiace.com\/index.php\/nestor-saiace-003\/"},"author":{"name":"audiosansfason audiosansfason","@id":"https:\/\/nestor.saiace.com\/#\/schema\/person\/a81f2515617bedbab6c89b57ea6c1061"},"headline":"N\u00e9stor Saiace &#8211; 003","datePublished":"2024-10-31T11:10:07+00:00","dateModified":"2025-04-05T13:13:27+00:00","mainEntityOfPage":{"@id":"https:\/\/nestor.saiace.com\/index.php\/nestor-saiace-003\/"},"wordCount":30,"publisher":{"@id":"https:\/\/nestor.saiace.com\/#\/schema\/person\/bf0f87000017b49350dc1f852c9ae729"},"image":{"@id":"https:\/\/nestor.saiace.com\/index.php\/nestor-saiace-003\/#primaryimage"},"thumbnailUrl":"https:\/\/nestor.saiace.com\/wp-content\/uploads\/2024\/09\/portada-saiace.png","inLanguage":"es"},{"@type":"WebPage","@id":"https:\/\/nestor.saiace.com\/index.php\/nestor-saiace-003\/","url":"https:\/\/nestor.saiace.com\/index.php\/nestor-saiace-003\/","name":"N\u00e9stor Saiace - 003 - N\u00e9stor Saiace","isPartOf":{"@id":"https:\/\/nestor.saiace.com\/#website"},"primaryImageOfPage":{"@id":"https:\/\/nestor.saiace.com\/index.php\/nestor-saiace-003\/#primaryimage"},"image":{"@id":"https:\/\/nestor.saiace.com\/index.php\/nestor-saiace-003\/#primaryimage"},"thumbnailUrl":"https:\/\/nestor.saiace.com\/wp-content\/uploads\/2024\/09\/portada-saiace.png","datePublished":"2024-10-31T11:10:07+00:00","dateModified":"2025-04-05T13:13:27+00:00","description":"N\u00e9stor Saiace - 003 N\u00e9stor Saiace %","breadcrumb":{"@id":"https:\/\/nestor.saiace.com\/index.php\/nestor-saiace-003\/#breadcrumb"},"inLanguage":"es","potentialAction":[{"@type":"ReadAction","target":["https:\/\/nestor.saiace.com\/index.php\/nestor-saiace-003\/"]}]},{"@type":"ImageObject","inLanguage":"es","@id":"https:\/\/nestor.saiace.com\/index.php\/nestor-saiace-003\/#primaryimage","url":"","contentUrl":""},{"@type":"BreadcrumbList","@id":"https:\/\/nestor.saiace.com\/index.php\/nestor-saiace-003\/#breadcrumb","itemListElement":[{"@type":"ListItem","position":1,"name":"Portada","item":"https:\/\/nestor.saiace.com\/"},{"@type":"ListItem","position":2,"name":"N\u00e9stor Saiace &#8211; 003"}]},{"@type":"WebSite","@id":"https:\/\/nestor.saiace.com\/#website","url":"https:\/\/nestor.saiace.com\/","name":"N\u00e9stor Saiace","description":"N\u00e9stor Saiace, artista pl\u00e1stico argentino.","publisher":{"@id":"https:\/\/nestor.saiace.com\/#\/schema\/person\/bf0f87000017b49350dc1f852c9ae729"},"alternateName":"saiace","potentialAction":[{"@type":"SearchAction","target":{"@type":"EntryPoint","urlTemplate":"https:\/\/nestor.saiace.com\/?s={search_term_string}"},"query-input":{"@type":"PropertyValueSpecification","valueRequired":true,"valueName":"search_term_string"}}],"inLanguage":"es"},{"@type":["Person","Organization"],"@id":"https:\/\/nestor.saiace.com\/#\/schema\/person\/bf0f87000017b49350dc1f852c9ae729","name":"admin","image":{"@type":"ImageObject","inLanguage":"es","@id":"https:\/\/nestor.saiace.com\/wp-content\/uploads\/2024\/07\/108-El-circo-I-Oleo-sobre-tela-60-x-50-cm-1990-scaled-2-2-1024x765.jpg","url":"https:\/\/nestor.saiace.com\/wp-content\/uploads\/2024\/07\/108-El-circo-I-Oleo-sobre-tela-60-x-50-cm-1990-scaled-2-2-1024x765.jpg","contentUrl":"https:\/\/nestor.saiace.com\/wp-content\/uploads\/2024\/07\/108-El-circo-I-Oleo-sobre-tela-60-x-50-cm-1990-scaled-2-2-1024x765.jpg","width":1024,"height":765,"caption":"admin"},"logo":{"@id":"https:\/\/nestor.saiace.com\/wp-content\/uploads\/2024\/07\/108-El-circo-I-Oleo-sobre-tela-60-x-50-cm-1990-scaled-2-2-1024x765.jpg"},"sameAs":["https:\/\/nestor.saiace.com"]},{"@type":"Person","@id":"https:\/\/nestor.saiace.com\/#\/schema\/person\/a81f2515617bedbab6c89b57ea6c1061","name":"audiosansfason audiosansfason","url":"https:\/\/nestor.saiace.com\/index.php\/author\/audiosansfason\/"}]}},"_links":{"self":[{"href":"https:\/\/nestor.saiace.com\/index.php\/wp-json\/wp\/v2\/pages\/2238","targetHints":{"allow":["GET"]}}],"collection":[{"href":"https:\/\/nestor.saiace.com\/index.php\/wp-json\/wp\/v2\/pages"}],"about":[{"href":"https:\/\/nestor.saiace.com\/index.php\/wp-json\/wp\/v2\/types\/page"}],"author":[{"embeddable":true,"href":"https:\/\/nestor.saiace.com\/index.php\/wp-json\/wp\/v2\/users\/2"}],"replies":[{"embeddable":true,"href":"https:\/\/nestor.saiace.com\/index.php\/wp-json\/wp\/v2\/comments?post=2238"}],"version-history":[{"count":11,"href":"https:\/\/nestor.saiace.com\/index.php\/wp-json\/wp\/v2\/pages\/2238\/revisions"}],"predecessor-version":[{"id":2686,"href":"https:\/\/nestor.saiace.com\/index.php\/wp-json\/wp\/v2\/pages\/2238\/revisions\/2686"}],"wp:attachment":[{"href":"https:\/\/nestor.saiace.com\/index.php\/wp-json\/wp\/v2\/media?parent=2238"}],"curies":[{"name":"wp","href":"https:\/\/api.w.org\/{rel}","templated":true}]}}