{"id":2369,"date":"2024-11-15T07:57:20","date_gmt":"2024-11-15T07:57:20","guid":{"rendered":"https:\/\/nestor.saiace.com\/?page_id=2369"},"modified":"2024-11-23T15:56:32","modified_gmt":"2024-11-23T15:56:32","slug":"nestor-saiace-0042-textos-portugues","status":"publish","type":"page","link":"https:\/\/nestor.saiace.com\/index.php\/nestor-saiace-0042-textos-portugues\/","title":{"rendered":"N\u00e9stor Saiace &#8211; 0042 &#8211; Textos &#8211; Portugu\u00eas"},"content":{"rendered":"<p><!DOCTYPE html><br \/>\n<html><br \/>\n<head><\/p>\n<style>\n        \/* Estilo para cambiar el color de fondo, m\u00e1rgenes y padding de todo el cuerpo *\/\n        body {\n            background-color: #ffffff; \/* Cambia este color al que prefieras *\/\nmargin-top: -110px; \/* Elimina m\u00e1rgenes del body *\/\n            margin-left: 0.5px; \/* Elimina m\u00e1rgenes del body *\/\nmargin-right: 0.5px; \/* Elimina m\u00e1rgenes del body *\/<\/p>\n<p>            padding: 0; \/* Elimina padding del body *\/<\/p>\n<p>        }<\/p>\n<p>        \/* Estilo para agregar padding interno en toda la p\u00e1gina *\/\n        .page-content {\n            padding: 0px; \/* Ajusta el padding seg\u00fan lo necesario *\/\n            background-color: #ffffff; \/* Cambia este color si quieres otro fondo en el contenido *\/\n            min-height: 100vh; \/* Asegura que el contenido ocupe al menos el 100% de la altura de la ventana *\/\n        }\n    <\/style>\n<p><\/head><br \/>\n<body><\/p>\n<div class=\"page-content\">\n<p style=\"text-align: left;\"><span style=\"font-size: 24px; font-family: arial;\"><b><a href=\"https:\/\/nestor.saiace.com\/index.php\/nestor-saiace-004\/\" style=\"text-decoration: none; color: #303030; outline: none;\"\n   onmouseover=\"this.style.color='#737373';\" onmouseout=\"this.style.color='#303030';\">N\u00e9stor Saiace<\/a><\/b><\/span><\/p>\n<p style=\"text-align: left;\"><span style=\"font-size: 13px; font-family: arial;\"><a href=\"https:\/\/nestor.saiace.com\/index.php\/nestor-saiace-0041-catalogo-portugues\/\" style=\"text-decoration: none; color: #303030; outline: none;\"\n   onmouseover=\"this.style.color='#a6a6a6';\" onmouseout=\"this.style.color='#303030';\">Cat\u00e1logo<\/a><\/span><br \/>\n<span style=\"font-size: 13px; font-family: arial;\"><a href=\"https:\/\/nestor.saiace.com\/index.php\/nestor-saiace-0043-exposicoes-portugues\/\" style=\"text-decoration: none; color: #303030; outline: none;\"\n   onmouseover=\"this.style.color='#a6a6a6';\" onmouseout=\"this.style.color='#303030';\">Exposi\u00e7\u00f5es<\/a><\/span><br \/>\n<span style=\"font-size: 13px; font-family: arial;\"><a href=\"https:\/\/nestor.saiace.com\/index.php\/nestor-saiace-0044-galeria-portugues\/\" style=\"text-decoration: none; color: #303030; outline: none;\"\n   onmouseover=\"this.style.color='#a6a6a6';\" onmouseout=\"this.style.color='#303030';\">Galeria<\/a><\/span><\/p>\n<p>&nbsp;<\/p>\n<p style=\"text-align: right;\"><span style=\"font-size: 15px;\">\u2022 <b><a style=\"text-decoration: none;color=#000000;outline: none;\" href=\"https:\/\/nestor.saiace.com\/index.php\/nestor-saiace-00420-nota-biografica-portugues\/\" onmouseover=\"this.style.color='#555555';\" onmouseout=\"this.style.color='#303030';\">Nota Biogr\u00e1fica <\/a><\/b><br \/>\n<span style=\"font-size: 13px;color:#636363;\">por Federico Garc\u00eda Romeu.<\/span><\/p>\n<p style=\"text-align: right;\"><span style=\"font-size: 15px;\">\u2022 <b><a style=\"text-decoration: none;color=#000000;outline: none;\" href=\"https:\/\/nestor.saiace.com\/index.php\/sobre-a-obra-de-nestor-saiace\/\" onmouseover=\"this.style.color='#555555';\" onmouseout=\"this.style.color='#303030';\">Sobre a obra de N\u00e9stor Saiace <\/a><\/b><br \/>\n<span style=\"font-size: 13px;color:#636363;\">por Federico Garc\u00eda Romeu.<\/span><\/p>\n<p style=\"text-align: right;\"><span style=\"font-size: 15px;\">\u2022 <b><a style=\"text-decoration: none;color=#000000;outline: none;\" href=\"https:\/\/nestor.saiace.com\/index.php\/nestor-saiace-00422-algunas-opinioes-criticas-portugues\/\" onmouseover=\"this.style.color='#555555';\" onmouseout=\"this.style.color='#303030';\">Algumas opin\u00f5es cr\u00edticas <\/a><\/b><\/span><\/p>\n<p style=\"text-align: right;\"><span style=\"font-size: 15px;\">\u2022 <b><a style=\"text-decoration: none;color=#000000;outline: none;\" href=\"https:\/\/nestor.saiace.com\/index.php\/as-externas-e-intimas-ressonancias-do-viver-diario\/\" onmouseover=\"this.style.color='#555555';\" onmouseout=\"this.style.color='#303030';\">As externas e \u00edntimas resson\u00e2ncias do viver diario <\/a><\/b><\/span><br \/>\n<span style=\"font-size: 13px;color:#636363;\">por Ra\u00fal Santana.<\/span><\/p>\n<p>&nbsp;<\/p>\n<p>&nbsp;<\/p>\n<p>&nbsp;<\/p>\n<p>&nbsp;<\/p>\n<p>&nbsp;<\/p>\n<p>&nbsp;<\/p>\n<p>&nbsp;<\/p>\n<p>&nbsp;<\/p>\n<p>&nbsp;<\/p>\n<p style=\"text-align: left;font-size:13px;\"><span style=\"font-family: arial;word-spacing: 150%;\"><span style=\"color:#d4d4d4;\"><a href=\"https:\/\/nestor.saiace.com\/index.php\/nestor-saiace-004\/\" style=\"text-decoration: none; color: #303030; outline: none;\"\n   onmouseover=\"this.style.color='#555555';\" onmouseout=\"this.style.color='#303030';\">&nbsp; In\u00edcio<\/a><a href=\"https:\/\/nestor.saiace.com\/index.php\/nestor-saiace-0041-catalogo-portugues\/\" style=\"text-decoration: none; color: #303030; outline: none;\"\n   onmouseover=\"this.style.color='#555555';\" onmouseout=\"this.style.color='#303030';\">&nbsp;\u2022 Cat\u00e1logo<\/a><a href=\"https:\/\/nestor.saiace.com\/index.php\/nestor-saiace-0042-textos-portugues\/\" style=\"text-decoration: none; color: #303030; outline: none;\"\n   onmouseover=\"this.style.color='#555555';\" onmouseout=\"this.style.color='#303030';\">&nbsp;\u2022 Textos<\/a><a href=\"https:\/\/nestor.saiace.com\/index.php\/nestor-saiace-0043-exposicoes-portugues\/\" style=\"text-decoration: none; color: #303030; outline: none;\"\n   onmouseover=\"this.style.color='#555555';\" onmouseout=\"this.style.color='#303030';\">&nbsp;\u2022 Exposi\u00e7\u00f5es<\/a><\/span><a href=\"https:\/\/nestor.saiace.com\/index.php\/nestor-saiace-0044-galeria-portugues\/\" style=\"text-decoration: none; color: #303030; outline: none;\"\n   onmouseover=\"this.style.color='#555555';\" onmouseout=\"this.style.color='#303030';\">&nbsp;\u2022 Galeria<\/a><a href=\"https:\/\/nestor.saiace.com\/index.php\/nestor-saiace-0045-contato-portugues\/\" style=\"text-decoration: none; color: #303030; outline: none;\"\n   onmouseover=\"this.style.color='#555555';\" onmouseout=\"this.style.color='#303030';\">&nbsp;\u2022 Contato<\/span><\/p>\n<\/div>\n","protected":false},"excerpt":{"rendered":"<p>N\u00e9stor Saiace Cat\u00e1logo Exposi\u00e7\u00f5es Galeria &nbsp; \u2022 Nota Biogr\u00e1fica por Federico Garc\u00eda Romeu. \u2022 Sobre a obra de N\u00e9stor Saiace por Federico Garc\u00eda Romeu. \u2022 Algumas opin\u00f5es cr\u00edticas \u2022 As externas e \u00edntimas resson\u00e2ncias do viver diario por Ra\u00fal Santana. &nbsp; &nbsp; &nbsp; &nbsp; &nbsp; &nbsp; &nbsp; &nbsp; &nbsp; &nbsp; In\u00edcio&nbsp;\u2022 Cat\u00e1logo&nbsp;\u2022 Textos&nbsp;\u2022 Exposi\u00e7\u00f5es&nbsp;\u2022 Galeria&nbsp;\u2022 [&hellip;]<\/p>\n","protected":false},"author":2,"featured_media":0,"parent":0,"menu_order":0,"comment_status":"closed","ping_status":"closed","template":"","meta":{"_vp_format_video_url":"","_vp_image_focal_point":[],"footnotes":""},"class_list":["post-2369","page","type-page","status-publish","hentry"],"yoast_head":"<!-- This site is optimized with the Yoast SEO plugin v27.4 - https:\/\/yoast.com\/product\/yoast-seo-wordpress\/ -->\n<title>N\u00e9stor Saiace - 0042 - Textos - Portugu\u00eas - N\u00e9stor Saiace<\/title>\n<meta name=\"description\" content=\"N\u00e9stor Saiace - 0042 - Textos - Portugu\u00eas N\u00e9stor Saiace %\" \/>\n<meta name=\"robots\" content=\"index, follow, max-snippet:-1, max-image-preview:large, max-video-preview:-1\" \/>\n<link rel=\"canonical\" href=\"https:\/\/nestor.saiace.com\/index.php\/nestor-saiace-0042-textos-portugues\/\" \/>\n<meta property=\"og:locale\" content=\"es_ES\" \/>\n<meta property=\"og:type\" content=\"article\" \/>\n<meta property=\"og:title\" content=\"N\u00e9stor Saiace - 0042 - Textos - Portugu\u00eas - N\u00e9stor Saiace\" \/>\n<meta property=\"og:description\" content=\"N\u00e9stor Saiace - 0042 - Textos - Portugu\u00eas N\u00e9stor Saiace %\" \/>\n<meta property=\"og:url\" content=\"https:\/\/nestor.saiace.com\/index.php\/nestor-saiace-0042-textos-portugues\/\" \/>\n<meta property=\"og:site_name\" content=\"N\u00e9stor Saiace\" \/>\n<meta property=\"article:modified_time\" content=\"2024-11-23T15:56:32+00:00\" \/>\n<meta property=\"og:image\" content=\"https:\/\/nestor.saiace.com\/wp-content\/uploads\/2024\/10\/12.-airelibre.-120x90-sin-borde-1024x770.jpg\" \/>\n\t<meta property=\"og:image:width\" content=\"1024\" \/>\n\t<meta property=\"og:image:height\" content=\"770\" \/>\n\t<meta property=\"og:image:type\" content=\"image\/jpeg\" \/>\n<meta name=\"twitter:card\" content=\"summary_large_image\" \/>\n<meta name=\"twitter:label1\" content=\"Tiempo de lectura\" \/>\n\t<meta name=\"twitter:data1\" content=\"1 minuto\" \/>\n<script type=\"application\/ld+json\" class=\"yoast-schema-graph\">{\"@context\":\"https:\\\/\\\/schema.org\",\"@graph\":[{\"@type\":\"ScholarlyArticle\",\"@id\":\"https:\\\/\\\/nestor.saiace.com\\\/index.php\\\/nestor-saiace-0042-textos-portugues\\\/#article\",\"isPartOf\":{\"@id\":\"https:\\\/\\\/nestor.saiace.com\\\/index.php\\\/nestor-saiace-0042-textos-portugues\\\/\"},\"author\":{\"name\":\"audiosansfason audiosansfason\",\"@id\":\"https:\\\/\\\/nestor.saiace.com\\\/#\\\/schema\\\/person\\\/a81f2515617bedbab6c89b57ea6c1061\"},\"headline\":\"N\u00e9stor Saiace &#8211; 0042 &#8211; Textos &#8211; Portugu\u00eas\",\"datePublished\":\"2024-11-15T07:57:20+00:00\",\"dateModified\":\"2024-11-23T15:56:32+00:00\",\"mainEntityOfPage\":{\"@id\":\"https:\\\/\\\/nestor.saiace.com\\\/index.php\\\/nestor-saiace-0042-textos-portugues\\\/\"},\"wordCount\":80,\"publisher\":{\"@id\":\"https:\\\/\\\/nestor.saiace.com\\\/#\\\/schema\\\/person\\\/bf0f87000017b49350dc1f852c9ae729\"},\"inLanguage\":\"es\"},{\"@type\":\"WebPage\",\"@id\":\"https:\\\/\\\/nestor.saiace.com\\\/index.php\\\/nestor-saiace-0042-textos-portugues\\\/\",\"url\":\"https:\\\/\\\/nestor.saiace.com\\\/index.php\\\/nestor-saiace-0042-textos-portugues\\\/\",\"name\":\"N\u00e9stor Saiace - 0042 - Textos - Portugu\u00eas - N\u00e9stor Saiace\",\"isPartOf\":{\"@id\":\"https:\\\/\\\/nestor.saiace.com\\\/#website\"},\"datePublished\":\"2024-11-15T07:57:20+00:00\",\"dateModified\":\"2024-11-23T15:56:32+00:00\",\"description\":\"N\u00e9stor Saiace - 0042 - Textos - Portugu\u00eas N\u00e9stor Saiace %\",\"breadcrumb\":{\"@id\":\"https:\\\/\\\/nestor.saiace.com\\\/index.php\\\/nestor-saiace-0042-textos-portugues\\\/#breadcrumb\"},\"inLanguage\":\"es\",\"potentialAction\":[{\"@type\":\"ReadAction\",\"target\":[\"https:\\\/\\\/nestor.saiace.com\\\/index.php\\\/nestor-saiace-0042-textos-portugues\\\/\"]}]},{\"@type\":\"BreadcrumbList\",\"@id\":\"https:\\\/\\\/nestor.saiace.com\\\/index.php\\\/nestor-saiace-0042-textos-portugues\\\/#breadcrumb\",\"itemListElement\":[{\"@type\":\"ListItem\",\"position\":1,\"name\":\"Portada\",\"item\":\"https:\\\/\\\/nestor.saiace.com\\\/\"},{\"@type\":\"ListItem\",\"position\":2,\"name\":\"N\u00e9stor Saiace &#8211; 0042 &#8211; Textos &#8211; Portugu\u00eas\"}]},{\"@type\":\"WebSite\",\"@id\":\"https:\\\/\\\/nestor.saiace.com\\\/#website\",\"url\":\"https:\\\/\\\/nestor.saiace.com\\\/\",\"name\":\"N\u00e9stor Saiace\",\"description\":\"N\u00e9stor Saiace, artista pl\u00e1stico argentino.\",\"publisher\":{\"@id\":\"https:\\\/\\\/nestor.saiace.com\\\/#\\\/schema\\\/person\\\/bf0f87000017b49350dc1f852c9ae729\"},\"alternateName\":\"saiace\",\"potentialAction\":[{\"@type\":\"SearchAction\",\"target\":{\"@type\":\"EntryPoint\",\"urlTemplate\":\"https:\\\/\\\/nestor.saiace.com\\\/?s={search_term_string}\"},\"query-input\":{\"@type\":\"PropertyValueSpecification\",\"valueRequired\":true,\"valueName\":\"search_term_string\"}}],\"inLanguage\":\"es\"},{\"@type\":[\"Person\",\"Organization\"],\"@id\":\"https:\\\/\\\/nestor.saiace.com\\\/#\\\/schema\\\/person\\\/bf0f87000017b49350dc1f852c9ae729\",\"name\":\"admin\",\"image\":{\"@type\":\"ImageObject\",\"inLanguage\":\"es\",\"@id\":\"https:\\\/\\\/nestor.saiace.com\\\/wp-content\\\/uploads\\\/2024\\\/07\\\/108-El-circo-I-Oleo-sobre-tela-60-x-50-cm-1990-scaled-2-2-1024x765.jpg\",\"url\":\"https:\\\/\\\/nestor.saiace.com\\\/wp-content\\\/uploads\\\/2024\\\/07\\\/108-El-circo-I-Oleo-sobre-tela-60-x-50-cm-1990-scaled-2-2-1024x765.jpg\",\"contentUrl\":\"https:\\\/\\\/nestor.saiace.com\\\/wp-content\\\/uploads\\\/2024\\\/07\\\/108-El-circo-I-Oleo-sobre-tela-60-x-50-cm-1990-scaled-2-2-1024x765.jpg\",\"width\":1024,\"height\":765,\"caption\":\"admin\"},\"logo\":{\"@id\":\"https:\\\/\\\/nestor.saiace.com\\\/wp-content\\\/uploads\\\/2024\\\/07\\\/108-El-circo-I-Oleo-sobre-tela-60-x-50-cm-1990-scaled-2-2-1024x765.jpg\"},\"sameAs\":[\"https:\\\/\\\/nestor.saiace.com\"]},{\"@type\":\"Person\",\"@id\":\"https:\\\/\\\/nestor.saiace.com\\\/#\\\/schema\\\/person\\\/a81f2515617bedbab6c89b57ea6c1061\",\"name\":\"audiosansfason audiosansfason\",\"url\":\"https:\\\/\\\/nestor.saiace.com\\\/index.php\\\/author\\\/audiosansfason\\\/\"}]}<\/script>\n<!-- \/ Yoast SEO plugin. -->","yoast_head_json":{"title":"N\u00e9stor Saiace - 0042 - Textos - Portugu\u00eas - N\u00e9stor Saiace","description":"N\u00e9stor Saiace - 0042 - Textos - Portugu\u00eas N\u00e9stor Saiace %","robots":{"index":"index","follow":"follow","max-snippet":"max-snippet:-1","max-image-preview":"max-image-preview:large","max-video-preview":"max-video-preview:-1"},"canonical":"https:\/\/nestor.saiace.com\/index.php\/nestor-saiace-0042-textos-portugues\/","og_locale":"es_ES","og_type":"article","og_title":"N\u00e9stor Saiace - 0042 - Textos - Portugu\u00eas - N\u00e9stor Saiace","og_description":"N\u00e9stor Saiace - 0042 - Textos - Portugu\u00eas N\u00e9stor Saiace %","og_url":"https:\/\/nestor.saiace.com\/index.php\/nestor-saiace-0042-textos-portugues\/","og_site_name":"N\u00e9stor Saiace","article_modified_time":"2024-11-23T15:56:32+00:00","og_image":[{"width":1024,"height":770,"url":"https:\/\/nestor.saiace.com\/wp-content\/uploads\/2024\/10\/12.-airelibre.-120x90-sin-borde-1024x770.jpg","type":"image\/jpeg"}],"twitter_card":"summary_large_image","twitter_misc":{"Tiempo de lectura":"1 minuto"},"schema":{"@context":"https:\/\/schema.org","@graph":[{"@type":"ScholarlyArticle","@id":"https:\/\/nestor.saiace.com\/index.php\/nestor-saiace-0042-textos-portugues\/#article","isPartOf":{"@id":"https:\/\/nestor.saiace.com\/index.php\/nestor-saiace-0042-textos-portugues\/"},"author":{"name":"audiosansfason audiosansfason","@id":"https:\/\/nestor.saiace.com\/#\/schema\/person\/a81f2515617bedbab6c89b57ea6c1061"},"headline":"N\u00e9stor Saiace &#8211; 0042 &#8211; Textos &#8211; Portugu\u00eas","datePublished":"2024-11-15T07:57:20+00:00","dateModified":"2024-11-23T15:56:32+00:00","mainEntityOfPage":{"@id":"https:\/\/nestor.saiace.com\/index.php\/nestor-saiace-0042-textos-portugues\/"},"wordCount":80,"publisher":{"@id":"https:\/\/nestor.saiace.com\/#\/schema\/person\/bf0f87000017b49350dc1f852c9ae729"},"inLanguage":"es"},{"@type":"WebPage","@id":"https:\/\/nestor.saiace.com\/index.php\/nestor-saiace-0042-textos-portugues\/","url":"https:\/\/nestor.saiace.com\/index.php\/nestor-saiace-0042-textos-portugues\/","name":"N\u00e9stor Saiace - 0042 - Textos - Portugu\u00eas - N\u00e9stor Saiace","isPartOf":{"@id":"https:\/\/nestor.saiace.com\/#website"},"datePublished":"2024-11-15T07:57:20+00:00","dateModified":"2024-11-23T15:56:32+00:00","description":"N\u00e9stor Saiace - 0042 - Textos - Portugu\u00eas N\u00e9stor Saiace %","breadcrumb":{"@id":"https:\/\/nestor.saiace.com\/index.php\/nestor-saiace-0042-textos-portugues\/#breadcrumb"},"inLanguage":"es","potentialAction":[{"@type":"ReadAction","target":["https:\/\/nestor.saiace.com\/index.php\/nestor-saiace-0042-textos-portugues\/"]}]},{"@type":"BreadcrumbList","@id":"https:\/\/nestor.saiace.com\/index.php\/nestor-saiace-0042-textos-portugues\/#breadcrumb","itemListElement":[{"@type":"ListItem","position":1,"name":"Portada","item":"https:\/\/nestor.saiace.com\/"},{"@type":"ListItem","position":2,"name":"N\u00e9stor Saiace &#8211; 0042 &#8211; Textos &#8211; Portugu\u00eas"}]},{"@type":"WebSite","@id":"https:\/\/nestor.saiace.com\/#website","url":"https:\/\/nestor.saiace.com\/","name":"N\u00e9stor Saiace","description":"N\u00e9stor Saiace, artista pl\u00e1stico argentino.","publisher":{"@id":"https:\/\/nestor.saiace.com\/#\/schema\/person\/bf0f87000017b49350dc1f852c9ae729"},"alternateName":"saiace","potentialAction":[{"@type":"SearchAction","target":{"@type":"EntryPoint","urlTemplate":"https:\/\/nestor.saiace.com\/?s={search_term_string}"},"query-input":{"@type":"PropertyValueSpecification","valueRequired":true,"valueName":"search_term_string"}}],"inLanguage":"es"},{"@type":["Person","Organization"],"@id":"https:\/\/nestor.saiace.com\/#\/schema\/person\/bf0f87000017b49350dc1f852c9ae729","name":"admin","image":{"@type":"ImageObject","inLanguage":"es","@id":"https:\/\/nestor.saiace.com\/wp-content\/uploads\/2024\/07\/108-El-circo-I-Oleo-sobre-tela-60-x-50-cm-1990-scaled-2-2-1024x765.jpg","url":"https:\/\/nestor.saiace.com\/wp-content\/uploads\/2024\/07\/108-El-circo-I-Oleo-sobre-tela-60-x-50-cm-1990-scaled-2-2-1024x765.jpg","contentUrl":"https:\/\/nestor.saiace.com\/wp-content\/uploads\/2024\/07\/108-El-circo-I-Oleo-sobre-tela-60-x-50-cm-1990-scaled-2-2-1024x765.jpg","width":1024,"height":765,"caption":"admin"},"logo":{"@id":"https:\/\/nestor.saiace.com\/wp-content\/uploads\/2024\/07\/108-El-circo-I-Oleo-sobre-tela-60-x-50-cm-1990-scaled-2-2-1024x765.jpg"},"sameAs":["https:\/\/nestor.saiace.com"]},{"@type":"Person","@id":"https:\/\/nestor.saiace.com\/#\/schema\/person\/a81f2515617bedbab6c89b57ea6c1061","name":"audiosansfason audiosansfason","url":"https:\/\/nestor.saiace.com\/index.php\/author\/audiosansfason\/"}]}},"_links":{"self":[{"href":"https:\/\/nestor.saiace.com\/index.php\/wp-json\/wp\/v2\/pages\/2369","targetHints":{"allow":["GET"]}}],"collection":[{"href":"https:\/\/nestor.saiace.com\/index.php\/wp-json\/wp\/v2\/pages"}],"about":[{"href":"https:\/\/nestor.saiace.com\/index.php\/wp-json\/wp\/v2\/types\/page"}],"author":[{"embeddable":true,"href":"https:\/\/nestor.saiace.com\/index.php\/wp-json\/wp\/v2\/users\/2"}],"replies":[{"embeddable":true,"href":"https:\/\/nestor.saiace.com\/index.php\/wp-json\/wp\/v2\/comments?post=2369"}],"version-history":[{"count":9,"href":"https:\/\/nestor.saiace.com\/index.php\/wp-json\/wp\/v2\/pages\/2369\/revisions"}],"predecessor-version":[{"id":2472,"href":"https:\/\/nestor.saiace.com\/index.php\/wp-json\/wp\/v2\/pages\/2369\/revisions\/2472"}],"wp:attachment":[{"href":"https:\/\/nestor.saiace.com\/index.php\/wp-json\/wp\/v2\/media?parent=2369"}],"curies":[{"name":"wp","href":"https:\/\/api.w.org\/{rel}","templated":true}]}}