{"id":380,"date":"2024-06-30T21:08:21","date_gmt":"2024-06-30T21:08:21","guid":{"rendered":"https:\/\/nestor.saiace.com\/?page_id=380"},"modified":"2024-11-06T10:23:13","modified_gmt":"2024-11-06T10:23:13","slug":"saiace-las-externas-e-intimas-resonancias-del-diario-vivir","status":"publish","type":"page","link":"https:\/\/nestor.saiace.com\/index.php\/saiace-las-externas-e-intimas-resonancias-del-diario-vivir\/","title":{"rendered":"N\u00e9stor Saiace &#8211; 00144 &#8211; Textos &#8211; Resonancias del vivir &#8211; Castellano"},"content":{"rendered":"<p><!DOCTYPE html><br \/>\n<html><br \/>\n<head><\/p>\n<style>\n        \/* Estilo para cambiar el color de fondo, m\u00e1rgenes y padding de todo el cuerpo *\/\n        body {\nmargin-top: -110px; \/* Elimina m\u00e1rgenes del body *\/\n            margin-left: 0.5px; \/* Elimina m\u00e1rgenes del body *\/\nmargin-right: 0.5px; \/* Elimina m\u00e1rgenes del body *\/\n            padding: 0; \/* Elimina padding del body *\/<\/p>\n<p>        }<\/p>\n<p>        \/* Estilo para agregar padding interno en toda la p\u00e1gina *\/\n        .page-content {\n            padding: 0px; \/* Ajusta el padding seg\u00fan lo necesario *\/<\/p>\n<p>            min-height: 100vh; \/* Asegura que el contenido ocupe al menos el 100% de la altura de la ventana *\/\n        }\n    <\/style>\n<p><\/head><br \/>\n<body><\/p>\n<div class=\"page-content\">\n<p style=\"text-align: left;\"><span style=\"font-size: 24px; font-family: arial;\"><b><a href=\"https:\/\/nestor.saiace.com\/index.php\/nestor-saiace\/\" style=\"text-decoration: none; color: #303030; outline: none;\"\n   onmouseover=\"this.style.color='#737373';\" onmouseout=\"this.style.color='#303030';\">N\u00e9stor Saiace<\/a><\/b><\/span><\/p>\n<p style=\"text-align: left;\"><span style=\"font-size: 13px; font-family: arial;\"><a href=\"https:\/\/nestor.saiace.com\/index.php\/nestor-saiace-espanol-catalogo\/\" style=\"text-decoration: none; color: #303030; outline: none;\"\n   onmouseover=\"this.style.color='#a6a6a6';\" onmouseout=\"this.style.color='#303030';\">Cat\u00e1logo<\/a><\/span><br \/>\n<span style=\"font-size: 13px; font-family: arial;\"><a href=\"https:\/\/nestor.saiace.com\/index.php\/textos\/\" \n   style=\"text-decoration: none; color: #303030; outline: none;\"\n   onmouseover=\"this.style.color='#a6a6a6';\" onmouseout=\"this.style.color='#303030';\">Textos<\/a><\/span><br \/>\n<span style=\"font-size: 13px; font-family: arial;\"><a href=\"https:\/\/nestor.saiace.com\/index.php\/exposiciones-espanol-2\/\" style=\"text-decoration: none; color: #303030; outline: none;\"\n   onmouseover=\"this.style.color='#a6a6a6';\" onmouseout=\"this.style.color='#303030';\">Exposiciones<\/a><\/span><br \/>\n<span style=\"font-size: 13px; font-family: arial;\"><a href=\"https:\/\/nestor.saiace.com\/index.php\/galeria-2\/\" style=\"text-decoration: none; color: #303030; outline: none;\"\n   onmouseover=\"this.style.color='#a6a6a6';\" onmouseout=\"this.style.color='#303030';\">Galer\u00eda<\/a><\/span><\/p>\n<p>&nbsp;<br \/>\n&nbsp;<\/p>\n<p>&nbsp;<\/p>\n<p style=\"text-align: left;\"><span style=\"font-size: 21px;\"><b>SAIACE<\/b><\/span><br \/>\n<span style=\"font-size: 24px;\">Las externas e \u00edntimas resonancias del diario vivir.<\/span><br \/>\n<span style=\"font-size: 13px;\">por <b>Ra\u00fal Santana<\/b><\/span><\/p>\n<p>&nbsp;<\/p>\n<p>&nbsp;<\/p>\n<p style=\"text-align: justify;\">La obra de N\u00e9stor Saiace -este despliegue de m\u00e1s de cuarenta a\u00f1os de trabajo- es una decidida afirmaci\u00f3n de esa pintura que, eternamente, vuelve a ponernos ante lo irreductible de los enigmas de la visi\u00f3n, esos enigmas donde la realidad se corporiza a trav\u00e9s del gesto del pintor, para seguir proporcionando otros mundos. Pintura con hondas ra\u00edces en la \u201ctradici\u00f3n\u201c de la modernidad, es desde aqu\u00ed que Saiace se erige como una definida individualidad que transmite a trav\u00e9s de sus cuadros un potente sentimiento del diario vivir pues, eso que cotidianamente lo rodea, es el punto de partida de su arte.<\/p>\n<p style=\"text-align: justify;\">No hay rupturas en la obra de Saiace: a veces nost\u00e1lgica, otras angustiosa, su pintura -ya sea en los temas intimistas como las naturalezas y las figuras o en los abiertamente p\u00fablicos como escenas de tango, paisajes urbanos u otras escenas ciudadanas- es, la mayor\u00eda de las veces, portadora de un fuerte impulso hacia la celebraci\u00f3n.<\/p>\n<p style=\"text-align: justify;\">No es f\u00e1cil agregar algo sobre el arte de Saiace, despu\u00e9s del magn\u00edfico ensayo que le dedica el poeta Federico Garc\u00eda Romeu pero, vamos a intentar destacar algunas modulaciones de esta obra compacta y coherente que, como toda aut\u00e9ntica pintura, se alimenta de esa inacabable osad\u00eda de atrapar lo imaginario: la realidad.<\/p>\n<p style=\"text-align: justify;\">Una primera aproximaci\u00f3n a esta obra permite apreciar sutiles cambios a lo largo de los a\u00f1os, pero tambi\u00e9n una id\u00e9ntica impronta que atraviesa sus etapas como un soplo fresco y espont\u00e1neo que m\u00e1s que fijar los objetos los insin\u00faa, entre\u00adgando s\u00f3lo las potentes huellas de lo representado. Enti\u00e9ndase bien: estas huellas son las cifras que las figuras o los objetos dejaron en la subjetividad del artista; sus im\u00e1genes as\u00ed insinuadas, siempre est\u00e1n haci\u00e9ndose y deshaci\u00e9ndose y parecieran decir que las figuras, los objetos y las escenas, tienen un imponderable momento donde adquieren su luminosa presencia, esa que el artista fija vertiginosamente, conjugando la luz real con otra irreal para dar su versi\u00f3n del tema.<\/p>\n<p style=\"text-align: justify;\">Con un rotundo temperamento expresivo, Saiace erige la forma con la masa pic\u00adt\u00f3rica y el dibujo es el resultado de su materia; a veces, cuando las formas pueden sucumbir por la potencia del gesto, las delimita con algunos trazos que funcionan como contorno, pero por lo general, en sus obras, dibujo y pintura no son dos momentos aislados sino un s\u00f3lo momento que los involucra a ambos. En este aspecto, el artista se inscribe en esa l\u00ednea que, en nuestro medio, ha dado figuras como Victorica y Russo, para citar s\u00f3lo a dos paradigmas de esa larga tradici\u00f3n pict\u00f3rica.<\/p>\n<p style=\"text-align: justify;\">En las pinturas de Saiace, nunca se trata de la descriptividad del mundo sino de la captaci\u00f3n de sus m\u00e1s externas e \u00edntimas resonancias. Como los inspirados, el artista mancha la tela con urgencia, como si el mundo a cada instante pudiera desvanecerse y \u00e9l fijara uno de sus momentos privilegiados.<\/p>\n<p style=\"text-align: justify;\">Lejos de la quietud realista y metaf\u00edsica, estos cuadros, con sus constantes puestas de contrastes, gamas y contrapuntos que algunas veces traen lo nocturno, tambi\u00e9n convocan la dicha y lo diurno; son una permanente incitaci\u00f3n al movimiento por la captaci\u00f3n de lo contingente que el artista transforma en magn\u00edficas transfigura\u00adciones. A\u00fan sus naturalezas -este g\u00e9nero tan proclive a la quietud- est\u00e1n atravesadas por ese soplo temporal que el artista traduce con sus permanentes abocetamientos de la forma.<\/p>\n<p style=\"text-align: justify;\">Imagino a Saiace frente al modelo, eligiendo aquellas notas sentidas a fondo, que una vez puestas en la tela, har\u00e1n de la realidad ese otro real que es su arte.<\/p>\n<p>&nbsp;<\/p>\n<p>&nbsp;<\/p>\n<p>&nbsp;<\/p>\n<p>&nbsp;<\/p>\n<p style=\"text-align: right;\"><b>Ra\u00fal Santana<\/b><br \/>\n<span style=\"font-size: 12px;\">Ex Director del <b>Museo de Arte Moderno de Buenos Aires<\/b><br \/>\nAgosto 1999<\/span><\/p>\n<p>&nbsp;<\/p>\n<p>&nbsp;<\/p>\n<p>&nbsp;<\/p>\n<p>&nbsp;<\/p>\n<p>&nbsp;<\/p>\n<p>&nbsp;<\/p>\n<p>&nbsp;<\/p>\n<p>&nbsp;<\/p>\n<p>&nbsp;<\/p>\n<p style=\"text-align: left;font-size:13px;\"><span style=\"font-family: arial;word-spacing: 150%;\"><span style=\"color:#d4d4d4;\"><a href=\"https:\/\/nestor.saiace.com\/index.php\/nestor-saiace\/\" style=\"text-decoration: none; color: #303030; outline: none;\"\n   onmouseover=\"this.style.color='#555555';\" onmouseout=\"this.style.color='#303030';\">&nbsp; Inicio<\/a><a href=\"https:\/\/nestor.saiace.com\/index.php\/nestor-saiace-espanol-catalogo\/\" style=\"text-decoration: none; color: #303030; outline: none;\"\n   onmouseover=\"this.style.color='#555555';\" onmouseout=\"this.style.color='#303030';\">&nbsp;\u2022 Cat\u00e1logo<\/a><a href=\"https:\/\/nestor.saiace.com\/index.php\/textos\/\" style=\"text-decoration: none; color: #303030; outline: none;\"\n   onmouseover=\"this.style.color='#555555';\" onmouseout=\"this.style.color='#303030';\">&nbsp;\u2022 Textos<\/a><a href=\"https:\/\/nestor.saiace.com\/index.php\/exposiciones-espanol-2\/\" style=\"text-decoration: none; color: #303030; outline: none;\"\n   onmouseover=\"this.style.color='#555555';\" onmouseout=\"this.style.color='#303030';\">&nbsp;\u2022 Exposiciones<\/a><\/span><a href=\"https:\/\/nestor.saiace.com\/index.php\/galeria-2\/\" style=\"text-decoration: none; color: #303030; outline: none;\"\n   onmouseover=\"this.style.color='#555555';\" onmouseout=\"this.style.color='#303030';\">&nbsp;\u2022 Galer\u00eda<\/a><a href=\"https:\/\/nestor.saiace.com\/index.php\/contacto\/\" style=\"text-decoration: none; color: #303030; outline: none;\"\n   onmouseover=\"this.style.color='#555555';\" onmouseout=\"this.style.color='#303030';\">&nbsp;\u2022 Contacto<\/span><\/p>\n<\/div>\n","protected":false},"excerpt":{"rendered":"<p>N\u00e9stor Saiace Cat\u00e1logo Textos Exposiciones Galer\u00eda &nbsp; &nbsp; &nbsp; SAIACE Las externas e \u00edntimas resonancias del diario vivir. por Ra\u00fal Santana &nbsp; &nbsp; La obra de N\u00e9stor Saiace -este despliegue de m\u00e1s de cuarenta a\u00f1os de trabajo- es una decidida afirmaci\u00f3n de esa pintura que, eternamente, vuelve a ponernos ante lo irreductible de los enigmas [&hellip;]<\/p>\n","protected":false},"author":2,"featured_media":0,"parent":0,"menu_order":0,"comment_status":"closed","ping_status":"closed","template":"","meta":{"_vp_format_video_url":"","_vp_image_focal_point":[],"footnotes":""},"class_list":["post-380","page","type-page","status-publish","hentry"],"yoast_head":"<!-- This site is optimized with the Yoast SEO plugin v27.4 - https:\/\/yoast.com\/product\/yoast-seo-wordpress\/ -->\n<title>N\u00e9stor Saiace - 00144 - Textos - Resonancias del vivir - Castellano - N\u00e9stor Saiace<\/title>\n<meta name=\"description\" content=\"N\u00e9stor Saiace - 00144 - Textos - Resonancias del vivir - Castellano N\u00e9stor Saiace %\" \/>\n<meta name=\"robots\" content=\"index, follow, max-snippet:-1, max-image-preview:large, max-video-preview:-1\" \/>\n<link rel=\"canonical\" href=\"https:\/\/nestor.saiace.com\/index.php\/saiace-las-externas-e-intimas-resonancias-del-diario-vivir\/\" \/>\n<meta property=\"og:locale\" content=\"es_ES\" \/>\n<meta property=\"og:type\" content=\"article\" \/>\n<meta property=\"og:title\" content=\"N\u00e9stor Saiace - 00144 - Textos - Resonancias del vivir - Castellano - N\u00e9stor Saiace\" \/>\n<meta property=\"og:description\" content=\"N\u00e9stor Saiace - 00144 - Textos - Resonancias del vivir - Castellano N\u00e9stor Saiace %\" \/>\n<meta property=\"og:url\" content=\"https:\/\/nestor.saiace.com\/index.php\/saiace-las-externas-e-intimas-resonancias-del-diario-vivir\/\" \/>\n<meta property=\"og:site_name\" content=\"N\u00e9stor Saiace\" \/>\n<meta property=\"article:modified_time\" content=\"2024-11-06T10:23:13+00:00\" \/>\n<meta property=\"og:image\" content=\"https:\/\/nestor.saiace.com\/wp-content\/uploads\/2024\/10\/12.-airelibre.-120x90-sin-borde-1024x770.jpg\" \/>\n\t<meta property=\"og:image:width\" content=\"1024\" \/>\n\t<meta property=\"og:image:height\" content=\"770\" \/>\n\t<meta property=\"og:image:type\" content=\"image\/jpeg\" \/>\n<meta name=\"twitter:card\" content=\"summary_large_image\" \/>\n<meta name=\"twitter:label1\" content=\"Tiempo de lectura\" \/>\n\t<meta name=\"twitter:data1\" content=\"3 minutos\" \/>\n<script type=\"application\/ld+json\" class=\"yoast-schema-graph\">{\"@context\":\"https:\\\/\\\/schema.org\",\"@graph\":[{\"@type\":\"ScholarlyArticle\",\"@id\":\"https:\\\/\\\/nestor.saiace.com\\\/index.php\\\/saiace-las-externas-e-intimas-resonancias-del-diario-vivir\\\/#article\",\"isPartOf\":{\"@id\":\"https:\\\/\\\/nestor.saiace.com\\\/index.php\\\/saiace-las-externas-e-intimas-resonancias-del-diario-vivir\\\/\"},\"author\":{\"name\":\"audiosansfason audiosansfason\",\"@id\":\"https:\\\/\\\/nestor.saiace.com\\\/#\\\/schema\\\/person\\\/a81f2515617bedbab6c89b57ea6c1061\"},\"headline\":\"N\u00e9stor Saiace &#8211; 00144 &#8211; Textos &#8211; Resonancias del vivir &#8211; Castellano\",\"datePublished\":\"2024-06-30T21:08:21+00:00\",\"dateModified\":\"2024-11-06T10:23:13+00:00\",\"mainEntityOfPage\":{\"@id\":\"https:\\\/\\\/nestor.saiace.com\\\/index.php\\\/saiace-las-externas-e-intimas-resonancias-del-diario-vivir\\\/\"},\"wordCount\":713,\"publisher\":{\"@id\":\"https:\\\/\\\/nestor.saiace.com\\\/#\\\/schema\\\/person\\\/bf0f87000017b49350dc1f852c9ae729\"},\"inLanguage\":\"es\"},{\"@type\":\"WebPage\",\"@id\":\"https:\\\/\\\/nestor.saiace.com\\\/index.php\\\/saiace-las-externas-e-intimas-resonancias-del-diario-vivir\\\/\",\"url\":\"https:\\\/\\\/nestor.saiace.com\\\/index.php\\\/saiace-las-externas-e-intimas-resonancias-del-diario-vivir\\\/\",\"name\":\"N\u00e9stor Saiace - 00144 - Textos - Resonancias del vivir - Castellano - N\u00e9stor Saiace\",\"isPartOf\":{\"@id\":\"https:\\\/\\\/nestor.saiace.com\\\/#website\"},\"datePublished\":\"2024-06-30T21:08:21+00:00\",\"dateModified\":\"2024-11-06T10:23:13+00:00\",\"description\":\"N\u00e9stor Saiace - 00144 - Textos - Resonancias del vivir - Castellano N\u00e9stor Saiace %\",\"breadcrumb\":{\"@id\":\"https:\\\/\\\/nestor.saiace.com\\\/index.php\\\/saiace-las-externas-e-intimas-resonancias-del-diario-vivir\\\/#breadcrumb\"},\"inLanguage\":\"es\",\"potentialAction\":[{\"@type\":\"ReadAction\",\"target\":[\"https:\\\/\\\/nestor.saiace.com\\\/index.php\\\/saiace-las-externas-e-intimas-resonancias-del-diario-vivir\\\/\"]}]},{\"@type\":\"BreadcrumbList\",\"@id\":\"https:\\\/\\\/nestor.saiace.com\\\/index.php\\\/saiace-las-externas-e-intimas-resonancias-del-diario-vivir\\\/#breadcrumb\",\"itemListElement\":[{\"@type\":\"ListItem\",\"position\":1,\"name\":\"Portada\",\"item\":\"https:\\\/\\\/nestor.saiace.com\\\/\"},{\"@type\":\"ListItem\",\"position\":2,\"name\":\"N\u00e9stor Saiace &#8211; 00144 &#8211; Textos &#8211; Resonancias del vivir &#8211; Castellano\"}]},{\"@type\":\"WebSite\",\"@id\":\"https:\\\/\\\/nestor.saiace.com\\\/#website\",\"url\":\"https:\\\/\\\/nestor.saiace.com\\\/\",\"name\":\"N\u00e9stor Saiace\",\"description\":\"N\u00e9stor Saiace, artista pl\u00e1stico argentino.\",\"publisher\":{\"@id\":\"https:\\\/\\\/nestor.saiace.com\\\/#\\\/schema\\\/person\\\/bf0f87000017b49350dc1f852c9ae729\"},\"alternateName\":\"saiace\",\"potentialAction\":[{\"@type\":\"SearchAction\",\"target\":{\"@type\":\"EntryPoint\",\"urlTemplate\":\"https:\\\/\\\/nestor.saiace.com\\\/?s={search_term_string}\"},\"query-input\":{\"@type\":\"PropertyValueSpecification\",\"valueRequired\":true,\"valueName\":\"search_term_string\"}}],\"inLanguage\":\"es\"},{\"@type\":[\"Person\",\"Organization\"],\"@id\":\"https:\\\/\\\/nestor.saiace.com\\\/#\\\/schema\\\/person\\\/bf0f87000017b49350dc1f852c9ae729\",\"name\":\"admin\",\"image\":{\"@type\":\"ImageObject\",\"inLanguage\":\"es\",\"@id\":\"https:\\\/\\\/nestor.saiace.com\\\/wp-content\\\/uploads\\\/2024\\\/07\\\/108-El-circo-I-Oleo-sobre-tela-60-x-50-cm-1990-scaled-2-2-1024x765.jpg\",\"url\":\"https:\\\/\\\/nestor.saiace.com\\\/wp-content\\\/uploads\\\/2024\\\/07\\\/108-El-circo-I-Oleo-sobre-tela-60-x-50-cm-1990-scaled-2-2-1024x765.jpg\",\"contentUrl\":\"https:\\\/\\\/nestor.saiace.com\\\/wp-content\\\/uploads\\\/2024\\\/07\\\/108-El-circo-I-Oleo-sobre-tela-60-x-50-cm-1990-scaled-2-2-1024x765.jpg\",\"width\":1024,\"height\":765,\"caption\":\"admin\"},\"logo\":{\"@id\":\"https:\\\/\\\/nestor.saiace.com\\\/wp-content\\\/uploads\\\/2024\\\/07\\\/108-El-circo-I-Oleo-sobre-tela-60-x-50-cm-1990-scaled-2-2-1024x765.jpg\"},\"sameAs\":[\"https:\\\/\\\/nestor.saiace.com\"]},{\"@type\":\"Person\",\"@id\":\"https:\\\/\\\/nestor.saiace.com\\\/#\\\/schema\\\/person\\\/a81f2515617bedbab6c89b57ea6c1061\",\"name\":\"audiosansfason audiosansfason\",\"url\":\"https:\\\/\\\/nestor.saiace.com\\\/index.php\\\/author\\\/audiosansfason\\\/\"}]}<\/script>\n<!-- \/ Yoast SEO plugin. -->","yoast_head_json":{"title":"N\u00e9stor Saiace - 00144 - Textos - Resonancias del vivir - Castellano - N\u00e9stor Saiace","description":"N\u00e9stor Saiace - 00144 - Textos - Resonancias del vivir - Castellano N\u00e9stor Saiace %","robots":{"index":"index","follow":"follow","max-snippet":"max-snippet:-1","max-image-preview":"max-image-preview:large","max-video-preview":"max-video-preview:-1"},"canonical":"https:\/\/nestor.saiace.com\/index.php\/saiace-las-externas-e-intimas-resonancias-del-diario-vivir\/","og_locale":"es_ES","og_type":"article","og_title":"N\u00e9stor Saiace - 00144 - Textos - Resonancias del vivir - Castellano - N\u00e9stor Saiace","og_description":"N\u00e9stor Saiace - 00144 - Textos - Resonancias del vivir - Castellano N\u00e9stor Saiace %","og_url":"https:\/\/nestor.saiace.com\/index.php\/saiace-las-externas-e-intimas-resonancias-del-diario-vivir\/","og_site_name":"N\u00e9stor Saiace","article_modified_time":"2024-11-06T10:23:13+00:00","og_image":[{"width":1024,"height":770,"url":"https:\/\/nestor.saiace.com\/wp-content\/uploads\/2024\/10\/12.-airelibre.-120x90-sin-borde-1024x770.jpg","type":"image\/jpeg"}],"twitter_card":"summary_large_image","twitter_misc":{"Tiempo de lectura":"3 minutos"},"schema":{"@context":"https:\/\/schema.org","@graph":[{"@type":"ScholarlyArticle","@id":"https:\/\/nestor.saiace.com\/index.php\/saiace-las-externas-e-intimas-resonancias-del-diario-vivir\/#article","isPartOf":{"@id":"https:\/\/nestor.saiace.com\/index.php\/saiace-las-externas-e-intimas-resonancias-del-diario-vivir\/"},"author":{"name":"audiosansfason audiosansfason","@id":"https:\/\/nestor.saiace.com\/#\/schema\/person\/a81f2515617bedbab6c89b57ea6c1061"},"headline":"N\u00e9stor Saiace &#8211; 00144 &#8211; Textos &#8211; Resonancias del vivir &#8211; Castellano","datePublished":"2024-06-30T21:08:21+00:00","dateModified":"2024-11-06T10:23:13+00:00","mainEntityOfPage":{"@id":"https:\/\/nestor.saiace.com\/index.php\/saiace-las-externas-e-intimas-resonancias-del-diario-vivir\/"},"wordCount":713,"publisher":{"@id":"https:\/\/nestor.saiace.com\/#\/schema\/person\/bf0f87000017b49350dc1f852c9ae729"},"inLanguage":"es"},{"@type":"WebPage","@id":"https:\/\/nestor.saiace.com\/index.php\/saiace-las-externas-e-intimas-resonancias-del-diario-vivir\/","url":"https:\/\/nestor.saiace.com\/index.php\/saiace-las-externas-e-intimas-resonancias-del-diario-vivir\/","name":"N\u00e9stor Saiace - 00144 - Textos - Resonancias del vivir - Castellano - N\u00e9stor Saiace","isPartOf":{"@id":"https:\/\/nestor.saiace.com\/#website"},"datePublished":"2024-06-30T21:08:21+00:00","dateModified":"2024-11-06T10:23:13+00:00","description":"N\u00e9stor Saiace - 00144 - Textos - Resonancias del vivir - Castellano N\u00e9stor Saiace %","breadcrumb":{"@id":"https:\/\/nestor.saiace.com\/index.php\/saiace-las-externas-e-intimas-resonancias-del-diario-vivir\/#breadcrumb"},"inLanguage":"es","potentialAction":[{"@type":"ReadAction","target":["https:\/\/nestor.saiace.com\/index.php\/saiace-las-externas-e-intimas-resonancias-del-diario-vivir\/"]}]},{"@type":"BreadcrumbList","@id":"https:\/\/nestor.saiace.com\/index.php\/saiace-las-externas-e-intimas-resonancias-del-diario-vivir\/#breadcrumb","itemListElement":[{"@type":"ListItem","position":1,"name":"Portada","item":"https:\/\/nestor.saiace.com\/"},{"@type":"ListItem","position":2,"name":"N\u00e9stor Saiace &#8211; 00144 &#8211; Textos &#8211; Resonancias del vivir &#8211; Castellano"}]},{"@type":"WebSite","@id":"https:\/\/nestor.saiace.com\/#website","url":"https:\/\/nestor.saiace.com\/","name":"N\u00e9stor Saiace","description":"N\u00e9stor Saiace, artista pl\u00e1stico argentino.","publisher":{"@id":"https:\/\/nestor.saiace.com\/#\/schema\/person\/bf0f87000017b49350dc1f852c9ae729"},"alternateName":"saiace","potentialAction":[{"@type":"SearchAction","target":{"@type":"EntryPoint","urlTemplate":"https:\/\/nestor.saiace.com\/?s={search_term_string}"},"query-input":{"@type":"PropertyValueSpecification","valueRequired":true,"valueName":"search_term_string"}}],"inLanguage":"es"},{"@type":["Person","Organization"],"@id":"https:\/\/nestor.saiace.com\/#\/schema\/person\/bf0f87000017b49350dc1f852c9ae729","name":"admin","image":{"@type":"ImageObject","inLanguage":"es","@id":"https:\/\/nestor.saiace.com\/wp-content\/uploads\/2024\/07\/108-El-circo-I-Oleo-sobre-tela-60-x-50-cm-1990-scaled-2-2-1024x765.jpg","url":"https:\/\/nestor.saiace.com\/wp-content\/uploads\/2024\/07\/108-El-circo-I-Oleo-sobre-tela-60-x-50-cm-1990-scaled-2-2-1024x765.jpg","contentUrl":"https:\/\/nestor.saiace.com\/wp-content\/uploads\/2024\/07\/108-El-circo-I-Oleo-sobre-tela-60-x-50-cm-1990-scaled-2-2-1024x765.jpg","width":1024,"height":765,"caption":"admin"},"logo":{"@id":"https:\/\/nestor.saiace.com\/wp-content\/uploads\/2024\/07\/108-El-circo-I-Oleo-sobre-tela-60-x-50-cm-1990-scaled-2-2-1024x765.jpg"},"sameAs":["https:\/\/nestor.saiace.com"]},{"@type":"Person","@id":"https:\/\/nestor.saiace.com\/#\/schema\/person\/a81f2515617bedbab6c89b57ea6c1061","name":"audiosansfason audiosansfason","url":"https:\/\/nestor.saiace.com\/index.php\/author\/audiosansfason\/"}]}},"_links":{"self":[{"href":"https:\/\/nestor.saiace.com\/index.php\/wp-json\/wp\/v2\/pages\/380","targetHints":{"allow":["GET"]}}],"collection":[{"href":"https:\/\/nestor.saiace.com\/index.php\/wp-json\/wp\/v2\/pages"}],"about":[{"href":"https:\/\/nestor.saiace.com\/index.php\/wp-json\/wp\/v2\/types\/page"}],"author":[{"embeddable":true,"href":"https:\/\/nestor.saiace.com\/index.php\/wp-json\/wp\/v2\/users\/2"}],"replies":[{"embeddable":true,"href":"https:\/\/nestor.saiace.com\/index.php\/wp-json\/wp\/v2\/comments?post=380"}],"version-history":[{"count":48,"href":"https:\/\/nestor.saiace.com\/index.php\/wp-json\/wp\/v2\/pages\/380\/revisions"}],"predecessor-version":[{"id":2331,"href":"https:\/\/nestor.saiace.com\/index.php\/wp-json\/wp\/v2\/pages\/380\/revisions\/2331"}],"wp:attachment":[{"href":"https:\/\/nestor.saiace.com\/index.php\/wp-json\/wp\/v2\/media?parent=380"}],"curies":[{"name":"wp","href":"https:\/\/api.w.org\/{rel}","templated":true}]}}