{"id":864,"date":"2024-08-20T20:26:15","date_gmt":"2024-08-20T20:26:15","guid":{"rendered":"https:\/\/nestor.saiace.com\/?page_id=864"},"modified":"2024-11-19T10:24:28","modified_gmt":"2024-11-19T10:24:28","slug":"as-externas-e-intimas-ressonancias-do-viver-diario","status":"publish","type":"page","link":"https:\/\/nestor.saiace.com\/index.php\/as-externas-e-intimas-ressonancias-do-viver-diario\/","title":{"rendered":"N\u00e9stor Saiace &#8211; 00424 &#8211; Textos &#8211; AS EXTERNAS E \u00cdNTIMAS RESSON\u00c2NCIAS DO VIVER DIARIO &#8211; portugues"},"content":{"rendered":"<p><!DOCTYPE html><br \/>\n<html><br \/>\n<head><\/p>\n<style>\n        \/* Estilo para cambiar el color de fondo, m\u00e1rgenes y padding de todo el cuerpo *\/\n        body {\nmargin-top: -110px; \/* Elimina m\u00e1rgenes del body *\/\n            margin-left: 0.5px; \/* Elimina m\u00e1rgenes del body *\/\nmargin-right: 0.5px; \/* Elimina m\u00e1rgenes del body *\/\n            padding: 0; \/* Elimina padding del body *\/<\/p>\n<p>        }<\/p>\n<p>        \/* Estilo para agregar padding interno en toda la p\u00e1gina *\/\n        .page-content {\n            padding: 0px; \/* Ajusta el padding seg\u00fan lo necesario *\/<\/p>\n<p>            min-height: 100vh; \/* Asegura que el contenido ocupe al menos el 100% de la altura de la ventana *\/\n        }\n    <\/style>\n<p><\/head><br \/>\n<body><\/p>\n<div class=\"page-content\">\n<p style=\"text-align: left;\"><span style=\"font-size: 24px; font-family: arial;\"><b><a href=\"https:\/\/nestor.saiace.com\/index.php\/nestor-saiace-004\/\" style=\"text-decoration: none; color: #303030; outline: none;\"\n   onmouseover=\"this.style.color='#737373';\" onmouseout=\"this.style.color='#303030';\">N\u00e9stor Saiace<\/a><\/b><\/span><\/p>\n<p style=\"text-align: left;\"><span style=\"font-size: 13px; font-family: arial;\"><a href=\"https:\/\/nestor.saiace.com\/index.php\/nestor-saiace-0041-catalogo-portugues\/\" style=\"text-decoration: none; color: #303030; outline: none;\"\n   onmouseover=\"this.style.color='#a6a6a6';\" onmouseout=\"this.style.color='#303030';\">Cat\u00e1logo<\/a><\/span><br \/>\n<span style=\"font-size: 13px; font-family: arial;\"><a href=\"https:\/\/nestor.saiace.com\/index.php\/nestor-saiace-0042-textos-portugues\/\" \n   style=\"text-decoration: none; color: #303030; outline: none;\"\n   onmouseover=\"this.style.color='#a6a6a6';\" onmouseout=\"this.style.color='#303030';\">Textos<\/a><\/span><br \/>\n<span style=\"font-size: 13px; font-family: arial;\"><a href=\"https:\/\/nestor.saiace.com\/index.php\/nestor-saiace-0043-exposicoes-portugues\/\" style=\"text-decoration: none; color: #303030; outline: none;\"\n   onmouseover=\"this.style.color='#a6a6a6';\" onmouseout=\"this.style.color='#303030';\">Exposi\u00e7\u00f5es<\/a><\/span><br \/>\n<span style=\"font-size: 13px; font-family: arial;\"><a href=\"https:\/\/nestor.saiace.com\/index.php\/nestor-saiace-0044-galeria-portugues\/\" style=\"text-decoration: none; color: #303030; outline: none;\"\n   onmouseover=\"this.style.color='#a6a6a6';\" onmouseout=\"this.style.color='#303030';\">Galeria<\/a><\/span><\/p>\n<p>&nbsp;<\/p>\n<p>&nbsp;<\/p>\n<p style=\"text-align: left;\"><span style=\"font-size: 21px;\"><b>SAIACE<\/b><\/span><br \/>\n<span style=\"font-size: 24px;\">As externas e \u00edntimas resson\u00e2ncias do viver diario.<\/span><br \/>\n<span style=\"font-size: 13px;\">por <b>Ra\u00fal Santana<\/b><\/span><\/p>\n<p>&nbsp;<\/p>\n<p>&nbsp;<\/p>\n<p style=\"text-align: justify;\">A obra de N\u00e9stor Saiace -esta produ\u00e7\u00e3o art\u00edstica de mais de quarenta anos de tra\u00adbalho- \u00e9 uma decidida afirma\u00e7\u00e3o dessa pintura que, eternamente, volta a colocar-nos ante o irredut\u00edvel dos enigmas da vis\u00e3o, esses enigmas onde a realidade se materializa atrav\u00e9s do gesto do pintor, para seguir proporcionando outros mundos. Pintura com profundas ra\u00edzes na tradi\u00e7\u00e3o da modernidade, \u00e9 desde aqui que Saiace se erige como uma definida individualidade que transmite atrav\u00e9s de seus quadros, um potente sentimento do viver di\u00e1rio, pois isso que cotidianamente o rodeia \u00e9 o ponto de partida de sua\u00a0arte.<\/p>\n<p style=\"text-align: justify;\">N\u00e3o h\u00e1 rupturas na obra de Saiace: \u00e0s vezes nost\u00e1lgica, outras angustiada, sua pintura -j\u00e1 seja nos temas intimistas como as naturezas e as figuras ou nos aberta\u00admente p\u00fablicos como cenas de tango, paisagens urbanas ou outras cenas t\u00edpicas de cidade- \u00e9 na maioria das vezes portadora de um forte impulso para a celebra\u00e7\u00e3o.<\/p>\n<p style=\"text-align: justify;\">N\u00e3o \u00e9 f\u00e1cil agregar algo sobre a arte de Saiace, depois do magn\u00edfico ensaio que lhe dedicou o poeta Federico Garcia Romeu, por\u00e9m, vamos tentar destacar algumas modula\u00e7\u00f5es desta obra compacta e coerente que, como toda pintura aut\u00eantica, ali\u00admenta-se dessa inacab\u00e1vel ousadia de apreender o imagin\u00e1rio: a realidade.<\/p>\n<p style=\"text-align: justify;\">Uma primeira aproxima\u00e7\u00e3o a esta obra permite apreciar cambios sutis ao longo dos anos, mas tamb\u00e9m uma id\u00eantica reprodu\u00e7\u00e3o de uma imagem que atravessa suas etapas como um sopro fresco e espont\u00e2neo que mais que fixar os objetos os insinua, entregando somente as potentes impress\u00f5es do representado. Entenda-se bem: estas impress\u00f5es s\u00e3o as cifras que as figuras ou os objetos deixaram na subjetividade do artista; suas imagens assim insinuadas, sempre est\u00e3o fazendo-se e desfazendo-se e pareceriam dizer que as figuras, os objetos e as cenas, t\u00eam um imponder\u00e1vel momento donde adquirem sua luminosa presen\u00e7a, essa que o artista fixa vertiginosamente, conjugando\u00a0 a luz real com outra irreal para dar sua vers\u00e3o do\u00a0tema.<\/p>\n<p style=\"text-align: justify;\">Com un rotundo temperamento expressivo, Saiace erige a forma com a massa pict\u00f3rica, e o desenho \u00e9 o resultado de sua mat\u00e9ria; \u00e0s vezes, quando as formas podem sucumbir pela pot\u00eancia do gesto, as delimita com alguns tra\u00e7os que fun\u00adcionam como contorno, mas em geral, nas suas obras, desenho e pintura n\u00e3o s\u00e3o dois momentos isolados sen\u00e3o um s\u00f3 momento que envolve a ambos. Neste aspecto, o artista se inscreve nessa linha que, em nosso meio, h\u00e1 dado figuras como Victorica e Russo, para citar apenas a dois paradigmas dessa longa tradi\u00e7\u00e3o pict\u00f3rica.<\/p>\n<p style=\"text-align: justify;\">Nas pinturas de Saiace, nunca se trata do descrit\u00edvel do mundo sen\u00e3o da capta\u00e7\u00e3o de suas mais externas e \u00edntimas resson\u00e2ncias. Como os inspirados, o artista mancha a tela com urg\u00eancia, como se o mundo, a qualquer instante pudesse desvanecer-se e ele fixasse um dos seus momentos privilegiados.<\/p>\n<p style=\"text-align: justify;\">Longe da quietude realista e metaf\u00edsica, estes quadros com seus constantes contrastes de ocasos, gamas e contrapontos que algumas vezes trazem o noturno, tamb\u00e9m convocam a felicidade e o diurno; s\u00e3o uma permanente incita\u00e7\u00e3o ao movimento pela capta\u00e7\u00e3o do contingente que o artista transforma em magn\u00edficas transfigura\u00e7\u00f5es. Tamb\u00e9m suas naturezas -este g\u00eanero t\u00e3o propenso \u00e0 quietude-\u00ad est\u00e3o atravessadas por esse sopro temporal que o artista traduz com seus permanentes esbo\u00e7amentos da forma.<\/p>\n<p style=\"text-align: justify;\">Imagino a Saiace frente ao modelo, escolhendo aquelas notas sentidas \u00e0 fundo, que uma vez postas na tela, far\u00e3o da realidade esse outro real que \u00e9 a sua arte.<\/p>\n<p>&nbsp;<\/p>\n<p style=\"text-align: right;\"><b>Ra\u00fal Santana<\/b><br \/>\n<span style=\"font-size: 12px;\">Ex Diretor do <b>Museu de Arte Moderno, de Buenos Aires<\/b><br \/>\nAgosto 1999<\/span><\/p>\n<p>&nbsp;<\/p>\n<p>&nbsp;<\/p>\n<p>&nbsp;<\/p>\n<p>&nbsp;<\/p>\n<p>&nbsp;<\/p>\n<p style=\"text-align: left;font-size:13px;\"><span style=\"font-family: arial;word-spacing: 150%;\"><span style=\"color:#d4d4d4;\"><a href=\"https:\/\/nestor.saiace.com\/index.php\/nestor-saiace-004\/\" style=\"text-decoration: none; color: #303030; outline: none;\"\n   onmouseover=\"this.style.color='#555555';\" onmouseout=\"this.style.color='#303030';\">&nbsp; In\u00edcio<\/a><a href=\"https:\/\/nestor.saiace.com\/index.php\/nestor-saiace-0041-catalogo-portugues\/\" style=\"text-decoration: none; color: #303030; outline: none;\"\n   onmouseover=\"this.style.color='#555555';\" onmouseout=\"this.style.color='#303030';\">&nbsp;\u2022 Cat\u00e1logo<\/a><a href=\"https:\/\/nestor.saiace.com\/index.php\/nestor-saiace-0042-textos-portugues\/\" style=\"text-decoration: none; color: #303030; outline: none;\"\n   onmouseover=\"this.style.color='#555555';\" onmouseout=\"this.style.color='#303030';\">&nbsp;\u2022 Textos<\/a><a href=\"https:\/\/nestor.saiace.com\/index.php\/nestor-saiace-0043-exposicoes-portugues\/\" style=\"text-decoration: none; color: #303030; outline: none;\"\n   onmouseover=\"this.style.color='#555555';\" onmouseout=\"this.style.color='#303030';\">&nbsp;\u2022 Exposi\u00e7\u00f5es<\/a><\/span><a href=\"https:\/\/nestor.saiace.com\/index.php\/nestor-saiace-0044-galeria-portugues\/\" style=\"text-decoration: none; color: #303030; outline: none;\"\n   onmouseover=\"this.style.color='#555555';\" onmouseout=\"this.style.color='#303030';\">&nbsp;\u2022 Galeria<\/a><a href=\"https:\/\/nestor.saiace.com\/index.php\/nestor-saiace-0045-contato-portugues\/\" style=\"text-decoration: none; color: #303030; outline: none;\"\n   onmouseover=\"this.style.color='#555555';\" onmouseout=\"this.style.color='#303030';\">&nbsp;\u2022 Contato<\/span><\/p>\n<\/div>\n","protected":false},"excerpt":{"rendered":"<p>N\u00e9stor Saiace Cat\u00e1logo Textos Exposi\u00e7\u00f5es Galeria &nbsp; &nbsp; SAIACE As externas e \u00edntimas resson\u00e2ncias do viver diario. por Ra\u00fal Santana &nbsp; &nbsp; A obra de N\u00e9stor Saiace -esta produ\u00e7\u00e3o art\u00edstica de mais de quarenta anos de tra\u00adbalho- \u00e9 uma decidida afirma\u00e7\u00e3o dessa pintura que, eternamente, volta a colocar-nos ante o irredut\u00edvel dos enigmas da vis\u00e3o, [&hellip;]<\/p>\n","protected":false},"author":2,"featured_media":0,"parent":0,"menu_order":0,"comment_status":"closed","ping_status":"closed","template":"","meta":{"_vp_format_video_url":"","_vp_image_focal_point":[],"footnotes":""},"class_list":["post-864","page","type-page","status-publish","hentry"],"yoast_head":"<!-- This site is optimized with the Yoast SEO plugin v27.4 - https:\/\/yoast.com\/product\/yoast-seo-wordpress\/ -->\n<title>N\u00e9stor Saiace - 00424 - Textos - AS EXTERNAS E \u00cdNTIMAS RESSON\u00c2NCIAS DO VIVER DIARIO - portugues - N\u00e9stor Saiace<\/title>\n<meta name=\"description\" content=\"N\u00e9stor Saiace - 00424 - Textos - AS EXTERNAS E \u00cdNTIMAS RESSON\u00c2NCIAS DO VIVER DIARIO - portugues N\u00e9stor Saiace %\" \/>\n<meta name=\"robots\" content=\"index, follow, max-snippet:-1, max-image-preview:large, max-video-preview:-1\" \/>\n<link rel=\"canonical\" href=\"https:\/\/nestor.saiace.com\/index.php\/as-externas-e-intimas-ressonancias-do-viver-diario\/\" \/>\n<meta property=\"og:locale\" content=\"es_ES\" \/>\n<meta property=\"og:type\" content=\"article\" \/>\n<meta property=\"og:title\" content=\"N\u00e9stor Saiace - 00424 - Textos - AS EXTERNAS E \u00cdNTIMAS RESSON\u00c2NCIAS DO VIVER DIARIO - portugues - N\u00e9stor Saiace\" \/>\n<meta property=\"og:description\" content=\"N\u00e9stor Saiace - 00424 - Textos - AS EXTERNAS E \u00cdNTIMAS RESSON\u00c2NCIAS DO VIVER DIARIO - portugues N\u00e9stor Saiace %\" \/>\n<meta property=\"og:url\" content=\"https:\/\/nestor.saiace.com\/index.php\/as-externas-e-intimas-ressonancias-do-viver-diario\/\" \/>\n<meta property=\"og:site_name\" content=\"N\u00e9stor Saiace\" \/>\n<meta property=\"article:modified_time\" content=\"2024-11-19T10:24:28+00:00\" \/>\n<meta property=\"og:image\" content=\"https:\/\/nestor.saiace.com\/wp-content\/uploads\/2024\/10\/12.-airelibre.-120x90-sin-borde-1024x770.jpg\" \/>\n\t<meta property=\"og:image:width\" content=\"1024\" \/>\n\t<meta property=\"og:image:height\" content=\"770\" \/>\n\t<meta property=\"og:image:type\" content=\"image\/jpeg\" \/>\n<meta name=\"twitter:card\" content=\"summary_large_image\" \/>\n<meta name=\"twitter:label1\" content=\"Tiempo de lectura\" \/>\n\t<meta name=\"twitter:data1\" content=\"3 minutos\" \/>\n<script type=\"application\/ld+json\" class=\"yoast-schema-graph\">{\"@context\":\"https:\\\/\\\/schema.org\",\"@graph\":[{\"@type\":\"ScholarlyArticle\",\"@id\":\"https:\\\/\\\/nestor.saiace.com\\\/index.php\\\/as-externas-e-intimas-ressonancias-do-viver-diario\\\/#article\",\"isPartOf\":{\"@id\":\"https:\\\/\\\/nestor.saiace.com\\\/index.php\\\/as-externas-e-intimas-ressonancias-do-viver-diario\\\/\"},\"author\":{\"name\":\"audiosansfason audiosansfason\",\"@id\":\"https:\\\/\\\/nestor.saiace.com\\\/#\\\/schema\\\/person\\\/a81f2515617bedbab6c89b57ea6c1061\"},\"headline\":\"N\u00e9stor Saiace &#8211; 00424 &#8211; Textos &#8211; AS EXTERNAS E \u00cdNTIMAS RESSON\u00c2NCIAS DO VIVER DIARIO &#8211; portugues\",\"datePublished\":\"2024-08-20T20:26:15+00:00\",\"dateModified\":\"2024-11-19T10:24:28+00:00\",\"mainEntityOfPage\":{\"@id\":\"https:\\\/\\\/nestor.saiace.com\\\/index.php\\\/as-externas-e-intimas-ressonancias-do-viver-diario\\\/\"},\"wordCount\":691,\"publisher\":{\"@id\":\"https:\\\/\\\/nestor.saiace.com\\\/#\\\/schema\\\/person\\\/bf0f87000017b49350dc1f852c9ae729\"},\"inLanguage\":\"es\"},{\"@type\":\"WebPage\",\"@id\":\"https:\\\/\\\/nestor.saiace.com\\\/index.php\\\/as-externas-e-intimas-ressonancias-do-viver-diario\\\/\",\"url\":\"https:\\\/\\\/nestor.saiace.com\\\/index.php\\\/as-externas-e-intimas-ressonancias-do-viver-diario\\\/\",\"name\":\"N\u00e9stor Saiace - 00424 - Textos - AS EXTERNAS E \u00cdNTIMAS RESSON\u00c2NCIAS DO VIVER DIARIO - portugues - N\u00e9stor Saiace\",\"isPartOf\":{\"@id\":\"https:\\\/\\\/nestor.saiace.com\\\/#website\"},\"datePublished\":\"2024-08-20T20:26:15+00:00\",\"dateModified\":\"2024-11-19T10:24:28+00:00\",\"description\":\"N\u00e9stor Saiace - 00424 - Textos - AS EXTERNAS E \u00cdNTIMAS RESSON\u00c2NCIAS DO VIVER DIARIO - portugues N\u00e9stor Saiace %\",\"breadcrumb\":{\"@id\":\"https:\\\/\\\/nestor.saiace.com\\\/index.php\\\/as-externas-e-intimas-ressonancias-do-viver-diario\\\/#breadcrumb\"},\"inLanguage\":\"es\",\"potentialAction\":[{\"@type\":\"ReadAction\",\"target\":[\"https:\\\/\\\/nestor.saiace.com\\\/index.php\\\/as-externas-e-intimas-ressonancias-do-viver-diario\\\/\"]}]},{\"@type\":\"BreadcrumbList\",\"@id\":\"https:\\\/\\\/nestor.saiace.com\\\/index.php\\\/as-externas-e-intimas-ressonancias-do-viver-diario\\\/#breadcrumb\",\"itemListElement\":[{\"@type\":\"ListItem\",\"position\":1,\"name\":\"Portada\",\"item\":\"https:\\\/\\\/nestor.saiace.com\\\/\"},{\"@type\":\"ListItem\",\"position\":2,\"name\":\"N\u00e9stor Saiace &#8211; 00424 &#8211; Textos &#8211; AS EXTERNAS E \u00cdNTIMAS RESSON\u00c2NCIAS DO VIVER DIARIO &#8211; portugues\"}]},{\"@type\":\"WebSite\",\"@id\":\"https:\\\/\\\/nestor.saiace.com\\\/#website\",\"url\":\"https:\\\/\\\/nestor.saiace.com\\\/\",\"name\":\"N\u00e9stor Saiace\",\"description\":\"N\u00e9stor Saiace, artista pl\u00e1stico argentino.\",\"publisher\":{\"@id\":\"https:\\\/\\\/nestor.saiace.com\\\/#\\\/schema\\\/person\\\/bf0f87000017b49350dc1f852c9ae729\"},\"alternateName\":\"saiace\",\"potentialAction\":[{\"@type\":\"SearchAction\",\"target\":{\"@type\":\"EntryPoint\",\"urlTemplate\":\"https:\\\/\\\/nestor.saiace.com\\\/?s={search_term_string}\"},\"query-input\":{\"@type\":\"PropertyValueSpecification\",\"valueRequired\":true,\"valueName\":\"search_term_string\"}}],\"inLanguage\":\"es\"},{\"@type\":[\"Person\",\"Organization\"],\"@id\":\"https:\\\/\\\/nestor.saiace.com\\\/#\\\/schema\\\/person\\\/bf0f87000017b49350dc1f852c9ae729\",\"name\":\"admin\",\"image\":{\"@type\":\"ImageObject\",\"inLanguage\":\"es\",\"@id\":\"https:\\\/\\\/nestor.saiace.com\\\/wp-content\\\/uploads\\\/2024\\\/07\\\/108-El-circo-I-Oleo-sobre-tela-60-x-50-cm-1990-scaled-2-2-1024x765.jpg\",\"url\":\"https:\\\/\\\/nestor.saiace.com\\\/wp-content\\\/uploads\\\/2024\\\/07\\\/108-El-circo-I-Oleo-sobre-tela-60-x-50-cm-1990-scaled-2-2-1024x765.jpg\",\"contentUrl\":\"https:\\\/\\\/nestor.saiace.com\\\/wp-content\\\/uploads\\\/2024\\\/07\\\/108-El-circo-I-Oleo-sobre-tela-60-x-50-cm-1990-scaled-2-2-1024x765.jpg\",\"width\":1024,\"height\":765,\"caption\":\"admin\"},\"logo\":{\"@id\":\"https:\\\/\\\/nestor.saiace.com\\\/wp-content\\\/uploads\\\/2024\\\/07\\\/108-El-circo-I-Oleo-sobre-tela-60-x-50-cm-1990-scaled-2-2-1024x765.jpg\"},\"sameAs\":[\"https:\\\/\\\/nestor.saiace.com\"]},{\"@type\":\"Person\",\"@id\":\"https:\\\/\\\/nestor.saiace.com\\\/#\\\/schema\\\/person\\\/a81f2515617bedbab6c89b57ea6c1061\",\"name\":\"audiosansfason audiosansfason\",\"url\":\"https:\\\/\\\/nestor.saiace.com\\\/index.php\\\/author\\\/audiosansfason\\\/\"}]}<\/script>\n<!-- \/ Yoast SEO plugin. -->","yoast_head_json":{"title":"N\u00e9stor Saiace - 00424 - Textos - AS EXTERNAS E \u00cdNTIMAS RESSON\u00c2NCIAS DO VIVER DIARIO - portugues - N\u00e9stor Saiace","description":"N\u00e9stor Saiace - 00424 - Textos - AS EXTERNAS E \u00cdNTIMAS RESSON\u00c2NCIAS DO VIVER DIARIO - portugues N\u00e9stor Saiace %","robots":{"index":"index","follow":"follow","max-snippet":"max-snippet:-1","max-image-preview":"max-image-preview:large","max-video-preview":"max-video-preview:-1"},"canonical":"https:\/\/nestor.saiace.com\/index.php\/as-externas-e-intimas-ressonancias-do-viver-diario\/","og_locale":"es_ES","og_type":"article","og_title":"N\u00e9stor Saiace - 00424 - Textos - AS EXTERNAS E \u00cdNTIMAS RESSON\u00c2NCIAS DO VIVER DIARIO - portugues - N\u00e9stor Saiace","og_description":"N\u00e9stor Saiace - 00424 - Textos - AS EXTERNAS E \u00cdNTIMAS RESSON\u00c2NCIAS DO VIVER DIARIO - portugues N\u00e9stor Saiace %","og_url":"https:\/\/nestor.saiace.com\/index.php\/as-externas-e-intimas-ressonancias-do-viver-diario\/","og_site_name":"N\u00e9stor Saiace","article_modified_time":"2024-11-19T10:24:28+00:00","og_image":[{"width":1024,"height":770,"url":"https:\/\/nestor.saiace.com\/wp-content\/uploads\/2024\/10\/12.-airelibre.-120x90-sin-borde-1024x770.jpg","type":"image\/jpeg"}],"twitter_card":"summary_large_image","twitter_misc":{"Tiempo de lectura":"3 minutos"},"schema":{"@context":"https:\/\/schema.org","@graph":[{"@type":"ScholarlyArticle","@id":"https:\/\/nestor.saiace.com\/index.php\/as-externas-e-intimas-ressonancias-do-viver-diario\/#article","isPartOf":{"@id":"https:\/\/nestor.saiace.com\/index.php\/as-externas-e-intimas-ressonancias-do-viver-diario\/"},"author":{"name":"audiosansfason audiosansfason","@id":"https:\/\/nestor.saiace.com\/#\/schema\/person\/a81f2515617bedbab6c89b57ea6c1061"},"headline":"N\u00e9stor Saiace &#8211; 00424 &#8211; Textos &#8211; AS EXTERNAS E \u00cdNTIMAS RESSON\u00c2NCIAS DO VIVER DIARIO &#8211; portugues","datePublished":"2024-08-20T20:26:15+00:00","dateModified":"2024-11-19T10:24:28+00:00","mainEntityOfPage":{"@id":"https:\/\/nestor.saiace.com\/index.php\/as-externas-e-intimas-ressonancias-do-viver-diario\/"},"wordCount":691,"publisher":{"@id":"https:\/\/nestor.saiace.com\/#\/schema\/person\/bf0f87000017b49350dc1f852c9ae729"},"inLanguage":"es"},{"@type":"WebPage","@id":"https:\/\/nestor.saiace.com\/index.php\/as-externas-e-intimas-ressonancias-do-viver-diario\/","url":"https:\/\/nestor.saiace.com\/index.php\/as-externas-e-intimas-ressonancias-do-viver-diario\/","name":"N\u00e9stor Saiace - 00424 - Textos - AS EXTERNAS E \u00cdNTIMAS RESSON\u00c2NCIAS DO VIVER DIARIO - portugues - N\u00e9stor Saiace","isPartOf":{"@id":"https:\/\/nestor.saiace.com\/#website"},"datePublished":"2024-08-20T20:26:15+00:00","dateModified":"2024-11-19T10:24:28+00:00","description":"N\u00e9stor Saiace - 00424 - Textos - AS EXTERNAS E \u00cdNTIMAS RESSON\u00c2NCIAS DO VIVER DIARIO - portugues N\u00e9stor Saiace %","breadcrumb":{"@id":"https:\/\/nestor.saiace.com\/index.php\/as-externas-e-intimas-ressonancias-do-viver-diario\/#breadcrumb"},"inLanguage":"es","potentialAction":[{"@type":"ReadAction","target":["https:\/\/nestor.saiace.com\/index.php\/as-externas-e-intimas-ressonancias-do-viver-diario\/"]}]},{"@type":"BreadcrumbList","@id":"https:\/\/nestor.saiace.com\/index.php\/as-externas-e-intimas-ressonancias-do-viver-diario\/#breadcrumb","itemListElement":[{"@type":"ListItem","position":1,"name":"Portada","item":"https:\/\/nestor.saiace.com\/"},{"@type":"ListItem","position":2,"name":"N\u00e9stor Saiace &#8211; 00424 &#8211; Textos &#8211; AS EXTERNAS E \u00cdNTIMAS RESSON\u00c2NCIAS DO VIVER DIARIO &#8211; portugues"}]},{"@type":"WebSite","@id":"https:\/\/nestor.saiace.com\/#website","url":"https:\/\/nestor.saiace.com\/","name":"N\u00e9stor Saiace","description":"N\u00e9stor Saiace, artista pl\u00e1stico argentino.","publisher":{"@id":"https:\/\/nestor.saiace.com\/#\/schema\/person\/bf0f87000017b49350dc1f852c9ae729"},"alternateName":"saiace","potentialAction":[{"@type":"SearchAction","target":{"@type":"EntryPoint","urlTemplate":"https:\/\/nestor.saiace.com\/?s={search_term_string}"},"query-input":{"@type":"PropertyValueSpecification","valueRequired":true,"valueName":"search_term_string"}}],"inLanguage":"es"},{"@type":["Person","Organization"],"@id":"https:\/\/nestor.saiace.com\/#\/schema\/person\/bf0f87000017b49350dc1f852c9ae729","name":"admin","image":{"@type":"ImageObject","inLanguage":"es","@id":"https:\/\/nestor.saiace.com\/wp-content\/uploads\/2024\/07\/108-El-circo-I-Oleo-sobre-tela-60-x-50-cm-1990-scaled-2-2-1024x765.jpg","url":"https:\/\/nestor.saiace.com\/wp-content\/uploads\/2024\/07\/108-El-circo-I-Oleo-sobre-tela-60-x-50-cm-1990-scaled-2-2-1024x765.jpg","contentUrl":"https:\/\/nestor.saiace.com\/wp-content\/uploads\/2024\/07\/108-El-circo-I-Oleo-sobre-tela-60-x-50-cm-1990-scaled-2-2-1024x765.jpg","width":1024,"height":765,"caption":"admin"},"logo":{"@id":"https:\/\/nestor.saiace.com\/wp-content\/uploads\/2024\/07\/108-El-circo-I-Oleo-sobre-tela-60-x-50-cm-1990-scaled-2-2-1024x765.jpg"},"sameAs":["https:\/\/nestor.saiace.com"]},{"@type":"Person","@id":"https:\/\/nestor.saiace.com\/#\/schema\/person\/a81f2515617bedbab6c89b57ea6c1061","name":"audiosansfason audiosansfason","url":"https:\/\/nestor.saiace.com\/index.php\/author\/audiosansfason\/"}]}},"_links":{"self":[{"href":"https:\/\/nestor.saiace.com\/index.php\/wp-json\/wp\/v2\/pages\/864","targetHints":{"allow":["GET"]}}],"collection":[{"href":"https:\/\/nestor.saiace.com\/index.php\/wp-json\/wp\/v2\/pages"}],"about":[{"href":"https:\/\/nestor.saiace.com\/index.php\/wp-json\/wp\/v2\/types\/page"}],"author":[{"embeddable":true,"href":"https:\/\/nestor.saiace.com\/index.php\/wp-json\/wp\/v2\/users\/2"}],"replies":[{"embeddable":true,"href":"https:\/\/nestor.saiace.com\/index.php\/wp-json\/wp\/v2\/comments?post=864"}],"version-history":[{"count":10,"href":"https:\/\/nestor.saiace.com\/index.php\/wp-json\/wp\/v2\/pages\/864\/revisions"}],"predecessor-version":[{"id":2432,"href":"https:\/\/nestor.saiace.com\/index.php\/wp-json\/wp\/v2\/pages\/864\/revisions\/2432"}],"wp:attachment":[{"href":"https:\/\/nestor.saiace.com\/index.php\/wp-json\/wp\/v2\/media?parent=864"}],"curies":[{"name":"wp","href":"https:\/\/api.w.org\/{rel}","templated":true}]}}