{"id":866,"date":"2024-08-20T20:49:10","date_gmt":"2024-08-20T20:49:10","guid":{"rendered":"https:\/\/nestor.saiace.com\/?page_id=866"},"modified":"2024-11-14T19:40:22","modified_gmt":"2024-11-14T19:40:22","slug":"saiace-resonances-exterieures-et-intimes-du-vivre-quotidien","status":"publish","type":"page","link":"https:\/\/nestor.saiace.com\/index.php\/saiace-resonances-exterieures-et-intimes-du-vivre-quotidien\/","title":{"rendered":"N\u00e9stor Saiace &#8211; 00324 &#8211; R\u00c9SONANCES EXT\u00c9RIEURES ET INTIMES  DU  VIVRE  QUOTIDIEN &#8211; Fran\u00e7ais"},"content":{"rendered":"<p><!DOCTYPE html><br \/>\n<html><br \/>\n<head><\/p>\n<style>\n        \/* Estilo para cambiar el color de fondo, m\u00e1rgenes y padding de todo el cuerpo *\/\n        body {\nmargin-top: -110px; \/* Elimina m\u00e1rgenes del body *\/\n            margin-left: 0.5px; \/* Elimina m\u00e1rgenes del body *\/\nmargin-right: 0.5px; \/* Elimina m\u00e1rgenes del body *\/\n            padding: 0; \/* Elimina padding del body *\/<\/p>\n<p>        }<\/p>\n<p>        \/* Estilo para agregar padding interno en toda la p\u00e1gina *\/\n        .page-content {\n            padding: 0px; \/* Ajusta el padding seg\u00fan lo necesario *\/<\/p>\n<p>            min-height: 100vh; \/* Asegura que el contenido ocupe al menos el 100% de la altura de la ventana *\/\n        }\n    <\/style>\n<p><\/head><br \/>\n<body><\/p>\n<div class=\"page-content\">\n<p style=\"text-align: left;\"><span style=\"font-size: 24px; font-family: arial;\"><b><a style=\"text-decoration: none; outline: none;\" href=\"https:\/\/nestor.saiace.com\/index.php\/nestor-saiace-003\/\" onmouseover=\"this.style.color='#666666';\" onmouseout=\"this.style.color='#121212';\">N\u00e9stor Saiace<\/a><\/b><\/span><\/p>\n<p style=\"text-align: left;\"><span style=\"font-size: 13px; font-family: arial;\"><a style=\"text-decoration:none;color:#303030; outline: none;\" href=\"https:\/\/nestor.saiace.com\/index.php\/nestor-saiace-0031-catalogo-francais\/\" onmouseover=\"this.style.color='#666666';\" onmouseout=\"this.style.color='#121212';\">Catalogue<\/a><\/span><br \/>\n<span style=\"font-size: 13px; font-family: arial;\"><a style=\"text-decoration:none;color:#303030; outline: none;\" href=\"https:\/\/nestor.saiace.com\/index.php\/nestor-saiace-0032-textes\/\" onmouseover=\"this.style.color='#666666';\" onmouseout=\"this.style.color='#121212';\">Textes<\/a><\/span><br \/>\n<span style=\"font-size: 13px; font-family: arial;\"><a style=\"text-decoration:none;color:#303030; outline: none;\" href=\"https:\/\/nestor.saiace.com\/index.php\/nestor-saiace-0033-expositions-francais\/\" onmouseover=\"this.style.color='#666666';\" onmouseout=\"this.style.color='#121212';\">Expositions<\/a><\/span><br \/>\n<span style=\"font-size: 13px; font-family: arial;\"><a style=\"text-decoration:none;color:#303030; outline: none;\" href=\"https:\/\/nestor.saiace.com\/index.php\/nestor-saiace-0034-galerie-francais\/\" onmouseover=\"this.style.color='#666666';\" onmouseout=\"this.style.color='#121212';\">Galerie<\/a><\/span><\/p>\n<p>&nbsp;<\/p>\n<p>&nbsp;<\/p>\n<p style=\"text-align: left;\"><span style=\"font-size: 21px;\"><b>SAIACE<\/b><\/span><br \/>\n<span style=\"font-size: 24px;\">R\u00c9SONANCES EXT\u00c9RIEURES ET INTIMES DU VIVRE QUOTIDIEN<\/span><br \/>\n<span style=\"font-size: 13px;\">par <b>Ra\u00fal Santana<\/b><\/span><\/p>\n<p>&nbsp;<\/p>\n<p>&nbsp;<\/p>\n<p style=\"text-align: justify;\">L&#8217;oeuvre de N\u00e9stor Saiace &#8211; ce d\u00e9ploiement de plus de quarante ans de travail &#8211; est une affirmation r\u00e9solue de cette peinture qui nous met toujours en face des \u00e9nigmes irr\u00e9ductibles de la vision, ces \u00e9nigmes o\u00f9 la r\u00e9alit\u00e9 s&#8217;incorpore dans le geste du peintre pour nous offrir d&#8217;autres mondes. \u00c0 partir d&#8217;une peinture qui s&#8217;enracine profond\u00e9ment dans la tradition de la modernit\u00e9, Saiace se dresse comme une individualit\u00e9 d\u00e9finie qui transmet, \u00e0 travers ses tableaux, un puissant sentiment de la vie quotidienne, point  de d\u00e9part de son art.<\/p>\n<p style=\"text-align: justify;\">Il ny a pas de rupture dans l&#8217;oeuvre de Saiace parfois nostalgique, parfois angoissante, sa peinture &#8211; soit dans les sujets intimistes tels que natures mortes et portraits, soit dans ceux d\u00e9cid\u00e9ment publiques comme les paysages urbains, les sc\u00e8nes de tango ou d&#8217;autres moments de la vie citadine &#8211; est porteuse d&#8217;une forte impulsion vers la c\u00e9l\u00e9bration.<\/p>\n<p style=\"text-align: justify;\">Il n&#8217;est pas facile d&#8217;ajouter quoi que ce soit de plus sur l&#8217;art de Saiace apr\u00e8s l&#8217;essai magnifique que lui consacre le po\u00e8te Federico Garcia Romeu; cependant, nous t\u00e2cherons de mettre en relief quelques modulations de cette oeuvre compacte et coh\u00e9rente, qui, \u00e0 l&#8217;\u00e9gal de toute peinture authentique, se nourrit d`une hardiesse in\u00e9puisable pour attraper l&#8217;imaginaire: la r\u00e9alit\u00e9.<\/p>\n<p style=\"text-align: justify;\">Une premi\u00e8re approche de cette oeuvre permet d&#8217;appr\u00e9cier de subtils changements au long des ann\u00e9es mais aussi de remarquer la constance d&#8217;une empreinte traversant ces \u00e9tapes comme un souffie d&#8217;air frais et spontan\u00e9, insinuant les objets plus qu\u2019elle ne les fixe, restituant leurs traces puissantes. Il faut bien comprendre que ces traces sont les donn\u00e9es que les figures ou les objets ont laiss\u00e9s sur la subjectivit\u00e9 de l&#8217;artiste; les images ainsi insinu\u00e9es, se faisant et se d\u00e9faisant continuellement, paraissent montrer que les figures, les objets et les sc\u00e8nes ont un moment impond\u00e9rable o\u00f9 ils acqui\u00e8rent leur pr\u00e9sence lumineuse, celle que l&#8217;artiste fixe vertigineusement en conjuguant lumi\u00e8re r\u00e9elle et irr\u00e9elle pour donner sa version du sujet.<\/p>\n<p style=\"text-align: justify;\">Avec un \u00e9clatant temp\u00e9rament expressif, Saiace dresse la forme avec la masse picturale, le dessin \u00e9tant le r\u00e9sultat de sa mati\u00e8re, parfois, lorsque les formes peuvent succomber sous la puissance du geste, il les d\u00e9limite avec quelques traits jouant le r\u00f4le de contour, mais en g\u00e9n\u00e9ral dans ses oeuvres, dessin et peinture ne sont pas deux temps isol\u00e9s mais il sont bien r\u00e9unis en un seul et m\u00eame moment. Dans ce sens, l&#8217;artiste s&#8217;inscrit dans la lign\u00e9e qui, dans notre milieu &#8211; pour ne citer que deux paradigmes de cette longue tradition picturale -a donn\u00e9 des figures comme Victorica et Russo.<\/p>\n<p style=\"text-align: justify;\">Dans les peintures de Saiace il n&#8217;y a jamais une description du monde mais une captation de ses r\u00e9sonances, des plus intimes aux plus ext\u00e9rieures. \u00c0 l&#8217;instar des inspir\u00e9s, l&#8217;artiste pose avec urgence des taches de couleur sur la toile, comme si le monde pouvait s\u2019\u00e9vanouir \u00e0 chaque instant et qu&#8217;il se devait de fixer un de ses moments privil\u00e9gi\u00e9s.<\/p>\n<p style=\"text-align: justify;\">Loin de la qui\u00e9tude r\u00e9aliste et m\u00e9taphysique, ces tableaux &#8211; avec leur constante mise en contrastes, gammes et contrepoints &#8211; parfois nous am\u00e8nent une \u00e9vocation nocturne mais aussi convoquent le bonheur et le jour et sont une permanente incitation au mouvement par la captation de la contingence que l&#8217;artiste change en magnifiques transfigurations. M\u00eame ses natures mortes &#8211; ce genre si enclin \u00e0 la qui\u00e9tude &#8211; sont travers\u00e9es par ce souffle temporel que l&#8217;artiste traduit avec ses permanentes \u00e9bauches de la forme.<\/p>\n<p style=\"text-align: justify;\">J&#8217;imagine Saiace face au mod\u00e8le choisissant les traits le plus profond\u00e9ment ressentis, qui une fois transpos\u00e9s sur la toile, feront de la r\u00e9alite cet autre r\u00e9el qu&#8217;est son art.<\/p>\n<p>&nbsp;<\/p>\n<p>&nbsp;<\/p>\n<p>&nbsp;<\/p>\n<p>&nbsp;<\/p>\n<p style=\"text-align: right;\"><b>Ra\u00fal Santana<\/b><br \/>\n<span style=\"font-size: 12px;\">Ex Directeur du <b>Mus\u00e9e d&#8217;Art Moderne, Buenos Aires<\/b><br \/>\nAo\u00fbt 1999<\/span><\/p>\n<p>&nbsp;<\/p>\n<p>&nbsp;<\/p>\n<p>&nbsp;<\/p>\n<p>&nbsp;<\/p>\n<p>&nbsp;<\/p>\n<p style=\"text-align: left;font-size:13px;\"><span style=\"font-family: arial;word-spacing: 150%;\"><span style=\"color:#d4d4d4;\"><a style=\"text-decoration: none; outline: none;\" href=\"https:\/\/nestor.saiace.com\/index.php\/nestor-saiace-003\/\" onmouseover=\"this.style.color='#666666';\" onmouseout=\"this.style.color='#121212';\">&nbsp; Accueil<\/a><a style=\"text-decoration: none; outline: none;\" href=\"https:\/\/nestor.saiace.com\/index.php\/nestor-saiace-0031-catalogo-francais\/\" onmouseover=\"this.style.color='#666666';\" onmouseout=\"this.style.color='#121212';\">&nbsp;\u2022 Catalogue<\/a><a style=\"text-decoration:none; outline: none;\" href=\"https:\/\/nestor.saiace.com\/index.php\/nestor-saiace-0032-textes\/\" onmouseover=\"this.style.color='#666666';\" onmouseout=\"this.style.color='#121212';\">&nbsp;\u2022 Textes<\/a><a style=\"text-decoration:none; outline: none;\" href=\"https:\/\/nestor.saiace.com\/index.php\/nestor-saiace-0033-expositions-francais\/\" onmouseover=\"this.style.color='#666666';\" onmouseout=\"this.style.color='#121212';\">&nbsp;\u2022 Expositions<\/a><\/span><a style=\"text-decoration: none; outline: none;\" href=\"https:\/\/nestor.saiace.com\/index.php\/nestor-saiace-0034-galerie-francais\/\" onmouseover=\"this.style.color='#666666';\" onmouseout=\"this.style.color='#121212';\">&nbsp;\u2022 Galerie<\/a><a style=\"text-decoration: none; outline: none;\" href=\"https:\/\/nestor.saiace.com\/index.php\/nestor-saiace-0035-contact-francais\/\" onmouseover=\"this.style.color='#666666';\" onmouseout=\"this.style.color='#121212';\">&nbsp;\u2022 Contact<\/span><\/p>\n<\/div>\n","protected":false},"excerpt":{"rendered":"<p>N\u00e9stor Saiace Catalogue Textes Expositions Galerie &nbsp; &nbsp; SAIACE R\u00c9SONANCES EXT\u00c9RIEURES ET INTIMES DU VIVRE QUOTIDIEN par Ra\u00fal Santana &nbsp; &nbsp; L&#8217;oeuvre de N\u00e9stor Saiace &#8211; ce d\u00e9ploiement de plus de quarante ans de travail &#8211; est une affirmation r\u00e9solue de cette peinture qui nous met toujours en face des \u00e9nigmes irr\u00e9ductibles de la vision, [&hellip;]<\/p>\n","protected":false},"author":2,"featured_media":0,"parent":0,"menu_order":0,"comment_status":"closed","ping_status":"closed","template":"","meta":{"_vp_format_video_url":"","_vp_image_focal_point":[],"footnotes":""},"class_list":["post-866","page","type-page","status-publish","hentry"],"yoast_head":"<!-- This site is optimized with the Yoast SEO plugin v27.4 - https:\/\/yoast.com\/product\/yoast-seo-wordpress\/ -->\n<title>N\u00e9stor Saiace - 00324 - R\u00c9SONANCES EXT\u00c9RIEURES ET INTIMES DU VIVRE QUOTIDIEN - Fran\u00e7ais - N\u00e9stor Saiace<\/title>\n<meta name=\"description\" content=\"N\u00e9stor Saiace - 00324 - R\u00c9SONANCES EXT\u00c9RIEURES ET INTIMES DU VIVRE QUOTIDIEN - Fran\u00e7ais N\u00e9stor Saiace %\" \/>\n<meta name=\"robots\" content=\"index, follow, max-snippet:-1, max-image-preview:large, max-video-preview:-1\" \/>\n<link rel=\"canonical\" href=\"https:\/\/nestor.saiace.com\/index.php\/saiace-resonances-exterieures-et-intimes-du-vivre-quotidien\/\" \/>\n<meta property=\"og:locale\" content=\"es_ES\" \/>\n<meta property=\"og:type\" content=\"article\" \/>\n<meta property=\"og:title\" content=\"N\u00e9stor Saiace - 00324 - R\u00c9SONANCES EXT\u00c9RIEURES ET INTIMES DU VIVRE QUOTIDIEN - Fran\u00e7ais - N\u00e9stor Saiace\" \/>\n<meta property=\"og:description\" content=\"N\u00e9stor Saiace - 00324 - R\u00c9SONANCES EXT\u00c9RIEURES ET INTIMES DU VIVRE QUOTIDIEN - Fran\u00e7ais N\u00e9stor Saiace %\" \/>\n<meta property=\"og:url\" content=\"https:\/\/nestor.saiace.com\/index.php\/saiace-resonances-exterieures-et-intimes-du-vivre-quotidien\/\" \/>\n<meta property=\"og:site_name\" content=\"N\u00e9stor Saiace\" \/>\n<meta property=\"article:modified_time\" content=\"2024-11-14T19:40:22+00:00\" \/>\n<meta property=\"og:image\" content=\"https:\/\/nestor.saiace.com\/wp-content\/uploads\/2024\/10\/12.-airelibre.-120x90-sin-borde-1024x770.jpg\" \/>\n\t<meta property=\"og:image:width\" content=\"1024\" \/>\n\t<meta property=\"og:image:height\" content=\"770\" \/>\n\t<meta property=\"og:image:type\" content=\"image\/jpeg\" \/>\n<meta name=\"twitter:card\" content=\"summary_large_image\" \/>\n<meta name=\"twitter:label1\" content=\"Tiempo de lectura\" \/>\n\t<meta name=\"twitter:data1\" content=\"3 minutos\" \/>\n<script type=\"application\/ld+json\" class=\"yoast-schema-graph\">{\"@context\":\"https:\\\/\\\/schema.org\",\"@graph\":[{\"@type\":\"ScholarlyArticle\",\"@id\":\"https:\\\/\\\/nestor.saiace.com\\\/index.php\\\/saiace-resonances-exterieures-et-intimes-du-vivre-quotidien\\\/#article\",\"isPartOf\":{\"@id\":\"https:\\\/\\\/nestor.saiace.com\\\/index.php\\\/saiace-resonances-exterieures-et-intimes-du-vivre-quotidien\\\/\"},\"author\":{\"name\":\"audiosansfason audiosansfason\",\"@id\":\"https:\\\/\\\/nestor.saiace.com\\\/#\\\/schema\\\/person\\\/a81f2515617bedbab6c89b57ea6c1061\"},\"headline\":\"N\u00e9stor Saiace &#8211; 00324 &#8211; R\u00c9SONANCES EXT\u00c9RIEURES ET INTIMES DU VIVRE QUOTIDIEN &#8211; Fran\u00e7ais\",\"datePublished\":\"2024-08-20T20:49:10+00:00\",\"dateModified\":\"2024-11-14T19:40:22+00:00\",\"mainEntityOfPage\":{\"@id\":\"https:\\\/\\\/nestor.saiace.com\\\/index.php\\\/saiace-resonances-exterieures-et-intimes-du-vivre-quotidien\\\/\"},\"wordCount\":756,\"publisher\":{\"@id\":\"https:\\\/\\\/nestor.saiace.com\\\/#\\\/schema\\\/person\\\/bf0f87000017b49350dc1f852c9ae729\"},\"inLanguage\":\"es\"},{\"@type\":\"WebPage\",\"@id\":\"https:\\\/\\\/nestor.saiace.com\\\/index.php\\\/saiace-resonances-exterieures-et-intimes-du-vivre-quotidien\\\/\",\"url\":\"https:\\\/\\\/nestor.saiace.com\\\/index.php\\\/saiace-resonances-exterieures-et-intimes-du-vivre-quotidien\\\/\",\"name\":\"N\u00e9stor Saiace - 00324 - R\u00c9SONANCES EXT\u00c9RIEURES ET INTIMES DU VIVRE QUOTIDIEN - Fran\u00e7ais - N\u00e9stor Saiace\",\"isPartOf\":{\"@id\":\"https:\\\/\\\/nestor.saiace.com\\\/#website\"},\"datePublished\":\"2024-08-20T20:49:10+00:00\",\"dateModified\":\"2024-11-14T19:40:22+00:00\",\"description\":\"N\u00e9stor Saiace - 00324 - R\u00c9SONANCES EXT\u00c9RIEURES ET INTIMES DU VIVRE QUOTIDIEN - Fran\u00e7ais N\u00e9stor Saiace %\",\"breadcrumb\":{\"@id\":\"https:\\\/\\\/nestor.saiace.com\\\/index.php\\\/saiace-resonances-exterieures-et-intimes-du-vivre-quotidien\\\/#breadcrumb\"},\"inLanguage\":\"es\",\"potentialAction\":[{\"@type\":\"ReadAction\",\"target\":[\"https:\\\/\\\/nestor.saiace.com\\\/index.php\\\/saiace-resonances-exterieures-et-intimes-du-vivre-quotidien\\\/\"]}]},{\"@type\":\"BreadcrumbList\",\"@id\":\"https:\\\/\\\/nestor.saiace.com\\\/index.php\\\/saiace-resonances-exterieures-et-intimes-du-vivre-quotidien\\\/#breadcrumb\",\"itemListElement\":[{\"@type\":\"ListItem\",\"position\":1,\"name\":\"Portada\",\"item\":\"https:\\\/\\\/nestor.saiace.com\\\/\"},{\"@type\":\"ListItem\",\"position\":2,\"name\":\"N\u00e9stor Saiace &#8211; 00324 &#8211; R\u00c9SONANCES EXT\u00c9RIEURES ET INTIMES DU VIVRE QUOTIDIEN &#8211; Fran\u00e7ais\"}]},{\"@type\":\"WebSite\",\"@id\":\"https:\\\/\\\/nestor.saiace.com\\\/#website\",\"url\":\"https:\\\/\\\/nestor.saiace.com\\\/\",\"name\":\"N\u00e9stor Saiace\",\"description\":\"N\u00e9stor Saiace, artista pl\u00e1stico argentino.\",\"publisher\":{\"@id\":\"https:\\\/\\\/nestor.saiace.com\\\/#\\\/schema\\\/person\\\/bf0f87000017b49350dc1f852c9ae729\"},\"alternateName\":\"saiace\",\"potentialAction\":[{\"@type\":\"SearchAction\",\"target\":{\"@type\":\"EntryPoint\",\"urlTemplate\":\"https:\\\/\\\/nestor.saiace.com\\\/?s={search_term_string}\"},\"query-input\":{\"@type\":\"PropertyValueSpecification\",\"valueRequired\":true,\"valueName\":\"search_term_string\"}}],\"inLanguage\":\"es\"},{\"@type\":[\"Person\",\"Organization\"],\"@id\":\"https:\\\/\\\/nestor.saiace.com\\\/#\\\/schema\\\/person\\\/bf0f87000017b49350dc1f852c9ae729\",\"name\":\"admin\",\"image\":{\"@type\":\"ImageObject\",\"inLanguage\":\"es\",\"@id\":\"https:\\\/\\\/nestor.saiace.com\\\/wp-content\\\/uploads\\\/2024\\\/07\\\/108-El-circo-I-Oleo-sobre-tela-60-x-50-cm-1990-scaled-2-2-1024x765.jpg\",\"url\":\"https:\\\/\\\/nestor.saiace.com\\\/wp-content\\\/uploads\\\/2024\\\/07\\\/108-El-circo-I-Oleo-sobre-tela-60-x-50-cm-1990-scaled-2-2-1024x765.jpg\",\"contentUrl\":\"https:\\\/\\\/nestor.saiace.com\\\/wp-content\\\/uploads\\\/2024\\\/07\\\/108-El-circo-I-Oleo-sobre-tela-60-x-50-cm-1990-scaled-2-2-1024x765.jpg\",\"width\":1024,\"height\":765,\"caption\":\"admin\"},\"logo\":{\"@id\":\"https:\\\/\\\/nestor.saiace.com\\\/wp-content\\\/uploads\\\/2024\\\/07\\\/108-El-circo-I-Oleo-sobre-tela-60-x-50-cm-1990-scaled-2-2-1024x765.jpg\"},\"sameAs\":[\"https:\\\/\\\/nestor.saiace.com\"]},{\"@type\":\"Person\",\"@id\":\"https:\\\/\\\/nestor.saiace.com\\\/#\\\/schema\\\/person\\\/a81f2515617bedbab6c89b57ea6c1061\",\"name\":\"audiosansfason audiosansfason\",\"url\":\"https:\\\/\\\/nestor.saiace.com\\\/index.php\\\/author\\\/audiosansfason\\\/\"}]}<\/script>\n<!-- \/ Yoast SEO plugin. -->","yoast_head_json":{"title":"N\u00e9stor Saiace - 00324 - R\u00c9SONANCES EXT\u00c9RIEURES ET INTIMES DU VIVRE QUOTIDIEN - Fran\u00e7ais - N\u00e9stor Saiace","description":"N\u00e9stor Saiace - 00324 - R\u00c9SONANCES EXT\u00c9RIEURES ET INTIMES DU VIVRE QUOTIDIEN - Fran\u00e7ais N\u00e9stor Saiace %","robots":{"index":"index","follow":"follow","max-snippet":"max-snippet:-1","max-image-preview":"max-image-preview:large","max-video-preview":"max-video-preview:-1"},"canonical":"https:\/\/nestor.saiace.com\/index.php\/saiace-resonances-exterieures-et-intimes-du-vivre-quotidien\/","og_locale":"es_ES","og_type":"article","og_title":"N\u00e9stor Saiace - 00324 - R\u00c9SONANCES EXT\u00c9RIEURES ET INTIMES DU VIVRE QUOTIDIEN - Fran\u00e7ais - N\u00e9stor Saiace","og_description":"N\u00e9stor Saiace - 00324 - R\u00c9SONANCES EXT\u00c9RIEURES ET INTIMES DU VIVRE QUOTIDIEN - Fran\u00e7ais N\u00e9stor Saiace %","og_url":"https:\/\/nestor.saiace.com\/index.php\/saiace-resonances-exterieures-et-intimes-du-vivre-quotidien\/","og_site_name":"N\u00e9stor Saiace","article_modified_time":"2024-11-14T19:40:22+00:00","og_image":[{"width":1024,"height":770,"url":"https:\/\/nestor.saiace.com\/wp-content\/uploads\/2024\/10\/12.-airelibre.-120x90-sin-borde-1024x770.jpg","type":"image\/jpeg"}],"twitter_card":"summary_large_image","twitter_misc":{"Tiempo de lectura":"3 minutos"},"schema":{"@context":"https:\/\/schema.org","@graph":[{"@type":"ScholarlyArticle","@id":"https:\/\/nestor.saiace.com\/index.php\/saiace-resonances-exterieures-et-intimes-du-vivre-quotidien\/#article","isPartOf":{"@id":"https:\/\/nestor.saiace.com\/index.php\/saiace-resonances-exterieures-et-intimes-du-vivre-quotidien\/"},"author":{"name":"audiosansfason audiosansfason","@id":"https:\/\/nestor.saiace.com\/#\/schema\/person\/a81f2515617bedbab6c89b57ea6c1061"},"headline":"N\u00e9stor Saiace &#8211; 00324 &#8211; R\u00c9SONANCES EXT\u00c9RIEURES ET INTIMES DU VIVRE QUOTIDIEN &#8211; Fran\u00e7ais","datePublished":"2024-08-20T20:49:10+00:00","dateModified":"2024-11-14T19:40:22+00:00","mainEntityOfPage":{"@id":"https:\/\/nestor.saiace.com\/index.php\/saiace-resonances-exterieures-et-intimes-du-vivre-quotidien\/"},"wordCount":756,"publisher":{"@id":"https:\/\/nestor.saiace.com\/#\/schema\/person\/bf0f87000017b49350dc1f852c9ae729"},"inLanguage":"es"},{"@type":"WebPage","@id":"https:\/\/nestor.saiace.com\/index.php\/saiace-resonances-exterieures-et-intimes-du-vivre-quotidien\/","url":"https:\/\/nestor.saiace.com\/index.php\/saiace-resonances-exterieures-et-intimes-du-vivre-quotidien\/","name":"N\u00e9stor Saiace - 00324 - R\u00c9SONANCES EXT\u00c9RIEURES ET INTIMES DU VIVRE QUOTIDIEN - Fran\u00e7ais - N\u00e9stor Saiace","isPartOf":{"@id":"https:\/\/nestor.saiace.com\/#website"},"datePublished":"2024-08-20T20:49:10+00:00","dateModified":"2024-11-14T19:40:22+00:00","description":"N\u00e9stor Saiace - 00324 - R\u00c9SONANCES EXT\u00c9RIEURES ET INTIMES DU VIVRE QUOTIDIEN - Fran\u00e7ais N\u00e9stor Saiace %","breadcrumb":{"@id":"https:\/\/nestor.saiace.com\/index.php\/saiace-resonances-exterieures-et-intimes-du-vivre-quotidien\/#breadcrumb"},"inLanguage":"es","potentialAction":[{"@type":"ReadAction","target":["https:\/\/nestor.saiace.com\/index.php\/saiace-resonances-exterieures-et-intimes-du-vivre-quotidien\/"]}]},{"@type":"BreadcrumbList","@id":"https:\/\/nestor.saiace.com\/index.php\/saiace-resonances-exterieures-et-intimes-du-vivre-quotidien\/#breadcrumb","itemListElement":[{"@type":"ListItem","position":1,"name":"Portada","item":"https:\/\/nestor.saiace.com\/"},{"@type":"ListItem","position":2,"name":"N\u00e9stor Saiace &#8211; 00324 &#8211; R\u00c9SONANCES EXT\u00c9RIEURES ET INTIMES DU VIVRE QUOTIDIEN &#8211; Fran\u00e7ais"}]},{"@type":"WebSite","@id":"https:\/\/nestor.saiace.com\/#website","url":"https:\/\/nestor.saiace.com\/","name":"N\u00e9stor Saiace","description":"N\u00e9stor Saiace, artista pl\u00e1stico argentino.","publisher":{"@id":"https:\/\/nestor.saiace.com\/#\/schema\/person\/bf0f87000017b49350dc1f852c9ae729"},"alternateName":"saiace","potentialAction":[{"@type":"SearchAction","target":{"@type":"EntryPoint","urlTemplate":"https:\/\/nestor.saiace.com\/?s={search_term_string}"},"query-input":{"@type":"PropertyValueSpecification","valueRequired":true,"valueName":"search_term_string"}}],"inLanguage":"es"},{"@type":["Person","Organization"],"@id":"https:\/\/nestor.saiace.com\/#\/schema\/person\/bf0f87000017b49350dc1f852c9ae729","name":"admin","image":{"@type":"ImageObject","inLanguage":"es","@id":"https:\/\/nestor.saiace.com\/wp-content\/uploads\/2024\/07\/108-El-circo-I-Oleo-sobre-tela-60-x-50-cm-1990-scaled-2-2-1024x765.jpg","url":"https:\/\/nestor.saiace.com\/wp-content\/uploads\/2024\/07\/108-El-circo-I-Oleo-sobre-tela-60-x-50-cm-1990-scaled-2-2-1024x765.jpg","contentUrl":"https:\/\/nestor.saiace.com\/wp-content\/uploads\/2024\/07\/108-El-circo-I-Oleo-sobre-tela-60-x-50-cm-1990-scaled-2-2-1024x765.jpg","width":1024,"height":765,"caption":"admin"},"logo":{"@id":"https:\/\/nestor.saiace.com\/wp-content\/uploads\/2024\/07\/108-El-circo-I-Oleo-sobre-tela-60-x-50-cm-1990-scaled-2-2-1024x765.jpg"},"sameAs":["https:\/\/nestor.saiace.com"]},{"@type":"Person","@id":"https:\/\/nestor.saiace.com\/#\/schema\/person\/a81f2515617bedbab6c89b57ea6c1061","name":"audiosansfason audiosansfason","url":"https:\/\/nestor.saiace.com\/index.php\/author\/audiosansfason\/"}]}},"_links":{"self":[{"href":"https:\/\/nestor.saiace.com\/index.php\/wp-json\/wp\/v2\/pages\/866","targetHints":{"allow":["GET"]}}],"collection":[{"href":"https:\/\/nestor.saiace.com\/index.php\/wp-json\/wp\/v2\/pages"}],"about":[{"href":"https:\/\/nestor.saiace.com\/index.php\/wp-json\/wp\/v2\/types\/page"}],"author":[{"embeddable":true,"href":"https:\/\/nestor.saiace.com\/index.php\/wp-json\/wp\/v2\/users\/2"}],"replies":[{"embeddable":true,"href":"https:\/\/nestor.saiace.com\/index.php\/wp-json\/wp\/v2\/comments?post=866"}],"version-history":[{"count":8,"href":"https:\/\/nestor.saiace.com\/index.php\/wp-json\/wp\/v2\/pages\/866\/revisions"}],"predecessor-version":[{"id":2362,"href":"https:\/\/nestor.saiace.com\/index.php\/wp-json\/wp\/v2\/pages\/866\/revisions\/2362"}],"wp:attachment":[{"href":"https:\/\/nestor.saiace.com\/index.php\/wp-json\/wp\/v2\/media?parent=866"}],"curies":[{"name":"wp","href":"https:\/\/api.w.org\/{rel}","templated":true}]}}